{"id":686,"date":"2017-07-18T12:34:40","date_gmt":"2017-07-18T10:34:40","guid":{"rendered":"https:\/\/www.reko-praha.cz\/?page_id=686&#038;lang=en"},"modified":"2024-07-24T22:17:27","modified_gmt":"2024-07-24T20:17:27","slug":"contacts","status":"publish","type":"page","link":"https:\/\/www.reko-praha.cz\/en\/contacts\/","title":{"rendered":"Contacts"},"content":{"rendered":"<div class=\"row\">\n<div class=\"col-sm-6\">\n<h3><b>REKO PRAHA, a.s.,<br \/>\nregistered office of the company<\/b><\/h3>\n<p>\u010ceskobrodsk\u00e1 816\/36<br \/>\n190 00 Prague 9 \u2013 Hloub\u011bt\u00edn<br \/>\nPhone: +420 266 310 661, fax : +420 266 315 445<br \/>\n<a href=\"https:\/\/www.reko-praha.cz\/\">www.reko-praha.cz<\/a><br \/>\nMap: <a href=\"http:\/\/www.mapy.cz\/#mm=ZP@sa=s@st=s@ssq=%C4%8Ceskobrodsk%C3%A1%20816%2F36@sss=1@ssp=133284672_135960016_133334080_135996320@x=133311248@y=135971217@z=16\" target=\"_blank\" rel=\"noopener noreferrer\">Find us<\/a><br \/>\nGPS coordinates : 50\u00b05&#8217;35.843&#8243;N, 14\u00b031&#8217;27.54&#8243;E<b><br \/>\n<\/b><\/p>\n<p><strong>Ing. Tom\u00e1\u0161 Kola\u0159\u00edk<\/strong><br \/>\nChief Executive Officer<br \/>\nEmail: <a href=\"mailto:t.kolarik@reko-praha.cz\">t.kolarik@reko-praha.cz<\/a><\/p>\n<p><strong>Ing. Vladim\u00edr Kola\u0159\u00edk<\/strong><br \/>\nChief Financial Officer<br \/>\nEmail: <a href=\"mailto:kolarik@reko-praha.cz\">kolarik@reko-praha.cz<\/a><\/p>\n<p><strong>Ing. Jan Soukup<\/strong><br \/>\nChief Commercial Officer<br \/>\nEmail: <a href=\"mailto:soukup@reko-praha.cz\">soukup@reko-praha.cz<\/a><\/p>\n<p><strong>Peter \u010cervenec<\/strong><br \/>\nProduction Director<br \/>\nEmail: <a href=\"mailto:cervenec@reko-praha.cz\">cervenec@reko-praha.cz<\/a><\/p>\n<p><strong>Bc. Radek Masopust<\/strong><br \/>\nTechnical Director<br \/>\nEmail: <a href=\"mailto:masopust@reko-praha.cz\">masopust@reko-praha.cz<\/a><\/p>\n<p><strong>Ing. Filip Franc<\/strong><br \/>\nChief Engineer<br \/>\nEmail: <a href=\"mailto:franc@reko-praha.cz\">franc@reko-praha.cz<\/a><\/p>\n<p><strong>Ing. Vladislav Greb\u00edk<\/strong><br \/>\nQuality manager<br \/>\nEmail: <a href=\"mailto:grebik@reko-praha.cz\">grebik@reko-praha.cz<\/a><\/p>\n<p><strong>Karel \u0160p\u00edrek<\/strong><br \/>\nConsultant of technical department<br \/>\nEmail: <a href=\"mailto:spirek@reko-praha.cz\">spirek@reko-praha.cz<\/a><\/p>\n<p><strong>Ing. Monika Radov\u00e1<\/strong><br \/>\nHuman Resources Officer<br \/>\ntel.: +420 732 362 582<br \/>\nE-mail: <a href=\"mailto:radova@reko-praha.cz\">radova@reko-praha.cz<\/a><\/p>\n<\/div>\n<div class=\"col-sm-6\">\n<h3><b>REKO PRAHA, a.s.,<br \/>\norganisational unit in Slovakia<br \/>\n<\/b><\/h3>\n<p>Martina R\u00e1zusa 9<br \/>\n010 01 \u017dilina<br \/>\nSlovak Republic<br \/>\nPhone\/fax : + 421 415 007 844<br \/>\nMap: <a href=\"http:\/\/www.mapy.cz\/#mm=ZP@ax=134020288@ay=136677248@at=Armovna%20REKO@ad=V%C3%BDroba%20beton%C3%A1%C5%99sk%C3%A9%20v%C3%BDztu%C5%BEe%20firmy%20REKO%20Praha,%20a.s.@sa=s@st=s@ssq=Martina%20R%C3%A1zusa%209@sss=1@ssp=134004992_136662752_134035584_136692544@x=143081491@y=133085731@z=14\" target=\"_blank\" rel=\"noopener noreferrer\">Find us<\/a><br \/>\nGPS coordinates: 49\u00b013&#8217;22.64&#8243;N 18\u00b043&#8217;28.51&#8243;E<\/p>\n<p><b>Ing. Jozef Drige\u013e<\/b><br \/>\nHead of Organisational Unit<br \/>\nEmail: <a href=\"mailto:drigel@reko-praha.sk\">drigel@reko-praha.sk<\/a><\/p>\n<h3><b>REKO PRAHA, a.s.<br \/>\norganisational unit in Poland<br \/>\n<\/b><\/h3>\n<p>Nad Stawem 4<br \/>\n43-426 Gumna<br \/>\nPolska<br \/>\nMap: <a href=\"https:\/\/maps.app.goo.gl\/MkZjAXWPXK9eCZgV8\" data-wplink-edit=\"true\">Find us<\/a><\/p>\n<p><strong>Ing. Tom\u00e1\u0161 Kr\u00ed\u017eek<br \/>\n<\/strong>Head of Organisational Unit<br \/>\nPhone: + 48 338 555 109<br \/>\nEmail: <a href=\"mailto:krizek@reko-praha.cz\">krizek@reko-praha.cz<\/a><\/p>\n<h3><b>Apartments Kada\u0148<\/b><\/h3>\n<p>Topolov\u00e1 1825<br \/>\n432 01 Kada\u0148<br \/>\nCzech Republic<br \/>\nMapa: <a href=\"http:\/\/www.mapy.cz\/#mm=ZP@ax=130492224@ay=137010432@at=Ubytovna%20REKO%20Kada%C5%88@ad=Topolov%C3%A1%201824%20a%201825@sa=s@st=s@ssq=topolova%20kadan@x=130493545@y=137010155@z=16\" target=\"_blank\" rel=\"noopener noreferrer\">Find us<\/a><br \/>\nGPS coordinates : Loc: 50\u00b022&#8217;24.342&#8243;N, 13\u00b016&#8217;57.14&#8243;E<\/p>\n<p><b>Zuzana Urb\u00e1nkov\u00e1<\/b><br \/>\nHead of Operating Unit<br \/>\nPhone: +420 724 975 460<br \/>\nEmail: <a>urbankova@reko-praha.cz<\/a><\/p>\n<\/div>\n<\/div>\n","protected":false},"excerpt":{"rendered":"<p>REKO PRAHA, a.s., registered office of the company \u010ceskobrodsk\u00e1 816\/36 190 00 Prague 9 \u2013 Hloub\u011bt\u00edn Phone: +420 266 310 661, fax : +420 266 315 445 www.reko-praha.cz Map: Find us GPS coordinates : 50\u00b05&#8217;35.843&#8243;N, 14\u00b031&#8217;27.54&#8243;E Ing. Tom\u00e1\u0161 Kola\u0159\u00edk Chief &hellip;<\/p>\n","protected":false},"author":1,"featured_media":0,"parent":0,"menu_order":3,"comment_status":"closed","ping_status":"closed","template":"","meta":{"footnotes":""},"_links":{"self":[{"href":"https:\/\/www.reko-praha.cz\/en\/wp-json\/wp\/v2\/pages\/686"}],"collection":[{"href":"https:\/\/www.reko-praha.cz\/en\/wp-json\/wp\/v2\/pages"}],"about":[{"href":"https:\/\/www.reko-praha.cz\/en\/wp-json\/wp\/v2\/types\/page"}],"author":[{"embeddable":true,"href":"https:\/\/www.reko-praha.cz\/en\/wp-json\/wp\/v2\/users\/1"}],"replies":[{"embeddable":true,"href":"https:\/\/www.reko-praha.cz\/en\/wp-json\/wp\/v2\/comments?post=686"}],"version-history":[{"count":33,"href":"https:\/\/www.reko-praha.cz\/en\/wp-json\/wp\/v2\/pages\/686\/revisions"}],"predecessor-version":[{"id":4320,"href":"https:\/\/www.reko-praha.cz\/en\/wp-json\/wp\/v2\/pages\/686\/revisions\/4320"}],"wp:attachment":[{"href":"https:\/\/www.reko-praha.cz\/en\/wp-json\/wp\/v2\/media?parent=686"}],"curies":[{"name":"wp","href":"https:\/\/api.w.org\/{rel}","templated":true}]}}