{"id":700,"date":"2017-07-18T13:10:03","date_gmt":"2017-07-18T11:10:03","guid":{"rendered":"https:\/\/www.reko-praha.cz\/?page_id=700&#038;lang=en"},"modified":"2020-07-29T13:18:01","modified_gmt":"2020-07-29T11:18:01","slug":"a-word-from-the-managing-director","status":"publish","type":"page","link":"https:\/\/www.reko-praha.cz\/en\/a-word-from-the-managing-director\/","title":{"rendered":"A word from the Managing Director"},"content":{"rendered":"<div id='gallery-1' class='gallery galleryid-700 gallery-columns-3 gallery-size-thumbnail'><dl class='gallery-item'>\n\t\t\t<dt class='gallery-icon portrait'>\n\t\t\t\t<a title=\"ing-vladimir-kolarik\" href='https:\/\/www.reko-praha.cz\/en\/a-word-from-the-managing-director\/ing-vladimir-kolarik-2\/'><img loading=\"lazy\" decoding=\"async\" width=\"200\" height=\"200\" src=\"https:\/\/www.reko-praha.cz\/wp-content\/uploads\/2016\/12\/ing-vladimir-kolarik-200x200.jpg\" class=\"attachment-thumbnail size-thumbnail\" alt=\"\" \/><\/a>\n\t\t\t<\/dt><\/dl>\n\t\t\t<br style='clear: both' \/>\n\t\t<\/div>\n\n<p align=\"justify\"><span style=\"color: #333333;\"><span style=\"font-family: PT Sans, serif;\"><span style=\"font-size: medium;\"><span lang=\"en-GB\">Dear business friends,<\/span><\/span><\/span><\/span><\/p>\n<p align=\"justify\"><span style=\"color: #333333;\"><span style=\"font-family: PT Sans, serif;\"><span style=\"font-size: medium;\"><span lang=\"en-GB\">Let me welcome you on the website of REKO PRAHA a.s., which you have just opened. I will give you a brief outline of our 25+ year history, our current situation as well as our future visions.<\/span><\/span><\/span><\/span><\/p>\n<p align=\"justify\"><span style=\"color: #333333;\"><span style=\"font-family: PT Sans, serif;\"><span style=\"font-size: medium;\"><span lang=\"en-GB\">The company REKO PRAHA, a.s. was established over twenty-five years ago with the aim of becoming a high-quality and reliable contractor in the field of cooling towers. Over the period of our operation in both Czech and foreign markets, we have been involved in a number of large projects. The most significant ones include the comprehensive renewal of the Tu\u0161imice and Prun\u00e9\u0159ov power plants and the construction of new blocks at the Ledvice and Po\u010derady power plants in the Czech Republic, or the increase in the output of the blocks of the Jaslovsk\u00e9 Bohunice power plant. Another project worth mentioning involves the construction of two forced draft cooling towers at the Dukovany power plant, where exceptional demands were placed on the equipment\u2019s resilience, quality and reliability. Over time, the scope of our activity has been extended to include reinforced monolithic structures of all types. The most important projects in this field certainly include large foundation structures in automotive industry for the design and construction company Takenaka Europe. The last sphere of our activity I want to mention involves the so-called \u201cturnkey\u201d construction of industrial objects. For the Sladovny Soufflet company, we have built three kilns for drying sprouted barley in the Nymburk, Hodonice and Krom\u011b\u0159\u00ed\u017e malthouses, as well as a gas boiler room and chemical water treatment plant in the Ledvice power plant. <\/span><\/span><\/span><\/span><\/p>\n<p align=\"justify\"><span style=\"color: #333333;\"><span style=\"font-family: PT Sans, serif;\"><span style=\"font-size: medium;\"><span lang=\"en-GB\">Interesting recent-time projects include an extensive project of the seismic strengthening of structures at the Mochovce Nuclear Power Plant and the construction of a cylindrical wood chip silo in Mondi \u0160t\u011bt\u00ed, which we build by method of drawn formwork.<\/span><\/span><\/span><\/span><\/p>\n<p align=\"justify\"><span style=\"color: #333333;\"><span style=\"font-family: PT Sans, serif;\"><span style=\"font-size: medium;\"><span lang=\"en-GB\">Our company has recently expanded its scope of activity into the neighboring Poland, where we are successfully obtaining interesting contracts in the field of both cooling towers and monolithic reinforced concrete structures. <\/span><\/span><\/span><\/span><\/p>\n<p align=\"justify\"><span style=\"color: #333333;\"><span style=\"font-family: PT Sans, serif;\"><span style=\"font-size: medium;\"><span lang=\"en-GB\">From our projects abroad I would like to highlight our recent project of overhaul of induced draught cooling tower in Kosovo, which we implemented together with local company in 2018.<\/span><\/span><\/span><\/span><\/p>\n<p align=\"justify\"><span style=\"color: #333333;\"><span style=\"font-family: PT Sans, serif;\"><span style=\"font-size: medium;\"><span lang=\"en-GB\">Our vision is to keep building a strong and stable company providing customers with high-quality and problem-free service at reasonable prices.<\/span><\/span><\/span><\/span><\/p>\n<p align=\"justify\"><span style=\"color: #333333;\"><span style=\"font-family: PT Sans, serif;\"><span style=\"font-size: medium;\"><span lang=\"en-GB\">If you don\u2019t belong among our customers yet, we hope that you will be able to see the truth of these words soon.<\/span><\/span><\/span><\/span><\/p>\n<p align=\"justify\"><span style=\"color: #333333;\"><span style=\"font-family: PT Sans, serif;\"><span style=\"font-size: medium;\"><span lang=\"en-GB\"><b>Ing. Vladim\u00edr Kola\u0159\u00edk<\/b><\/span><\/span><\/span><\/span><\/p>\n<p align=\"justify\"><span style=\"color: #333333;\"><span style=\"font-family: PT Sans, serif;\"><span style=\"font-size: medium;\"><span lang=\"en-GB\">Managing Director<\/span><\/span><\/span><\/span><\/p>\n<p>&nbsp;<\/p>\n","protected":false},"excerpt":{"rendered":"<p>Dear business friends, Let me welcome you on the website of REKO PRAHA a.s., which you have just opened. I will give you a brief outline of our 25+ year history, our current situation as well as our future visions. &hellip;<\/p>\n","protected":false},"author":1,"featured_media":0,"parent":697,"menu_order":2,"comment_status":"closed","ping_status":"closed","template":"","meta":{"footnotes":""},"_links":{"self":[{"href":"https:\/\/www.reko-praha.cz\/en\/wp-json\/wp\/v2\/pages\/700"}],"collection":[{"href":"https:\/\/www.reko-praha.cz\/en\/wp-json\/wp\/v2\/pages"}],"about":[{"href":"https:\/\/www.reko-praha.cz\/en\/wp-json\/wp\/v2\/types\/page"}],"author":[{"embeddable":true,"href":"https:\/\/www.reko-praha.cz\/en\/wp-json\/wp\/v2\/users\/1"}],"replies":[{"embeddable":true,"href":"https:\/\/www.reko-praha.cz\/en\/wp-json\/wp\/v2\/comments?post=700"}],"version-history":[{"count":9,"href":"https:\/\/www.reko-praha.cz\/en\/wp-json\/wp\/v2\/pages\/700\/revisions"}],"predecessor-version":[{"id":2020,"href":"https:\/\/www.reko-praha.cz\/en\/wp-json\/wp\/v2\/pages\/700\/revisions\/2020"}],"up":[{"embeddable":true,"href":"https:\/\/www.reko-praha.cz\/en\/wp-json\/wp\/v2\/pages\/697"}],"wp:attachment":[{"href":"https:\/\/www.reko-praha.cz\/en\/wp-json\/wp\/v2\/media?parent=700"}],"curies":[{"name":"wp","href":"https:\/\/api.w.org\/{rel}","templated":true}]}}