{"id":733,"date":"2017-07-18T15:03:48","date_gmt":"2017-07-18T13:03:48","guid":{"rendered":"https:\/\/www.reko-praha.cz\/?page_id=733&#038;lang=pl"},"modified":"2017-07-21T15:42:40","modified_gmt":"2017-07-21T13:42:40","slug":"wprowadzenie","status":"publish","type":"page","link":"https:\/\/www.reko-praha.cz\/pl\/","title":{"rendered":"Wprowadzenie"},"content":{"rendered":"<p>REKO PRAHA, a.s. jest firm\u0105 budowlan\u0105 i projektanck\u0105 dzia\u0142aj\u0105c\u0105 na czeskim rynku od 1994 roku. G\u0142\u00f3wn\u0105 specjalizacj\u0105 firmy jest budowa, remonty i serwis ch\u0142odni kominowych wszystkich typ\u00f3w. REKO PRAHA, a.s. nale\u017cy do czo\u0142owych sp\u00f3\u0142ek na czeskim rynku w dziedzinie wykonywania monolitycznych konstrukcji \u017celbetowych oraz w dziedzinie sanacji konstrukcji betonowych. Pe\u0142ni\u0105c funkcj\u0119 generalnego dostawcy i generalnego projektanta, wykonuje obiekty przemys\u0142owe oraz u\u017cyteczno\u015bci publicznej.<\/p>\n","protected":false},"excerpt":{"rendered":"<p>REKO PRAHA, a.s. jest firm\u0105 budowlan\u0105 i projektanck\u0105 dzia\u0142aj\u0105c\u0105 na czeskim rynku od 1994 roku. G\u0142\u00f3wn\u0105 specjalizacj\u0105 firmy jest budowa, remonty i serwis ch\u0142odni kominowych wszystkich typ\u00f3w. REKO PRAHA, a.s. nale\u017cy do czo\u0142owych sp\u00f3\u0142ek na czeskim rynku w dziedzinie wykonywania &hellip;<\/p>\n","protected":false},"author":1,"featured_media":0,"parent":0,"menu_order":0,"comment_status":"closed","ping_status":"open","template":"page-uvod.php","meta":{"footnotes":""},"_links":{"self":[{"href":"https:\/\/www.reko-praha.cz\/pl\/wp-json\/wp\/v2\/pages\/733"}],"collection":[{"href":"https:\/\/www.reko-praha.cz\/pl\/wp-json\/wp\/v2\/pages"}],"about":[{"href":"https:\/\/www.reko-praha.cz\/pl\/wp-json\/wp\/v2\/types\/page"}],"author":[{"embeddable":true,"href":"https:\/\/www.reko-praha.cz\/pl\/wp-json\/wp\/v2\/users\/1"}],"replies":[{"embeddable":true,"href":"https:\/\/www.reko-praha.cz\/pl\/wp-json\/wp\/v2\/comments?post=733"}],"version-history":[{"count":4,"href":"https:\/\/www.reko-praha.cz\/pl\/wp-json\/wp\/v2\/pages\/733\/revisions"}],"predecessor-version":[{"id":879,"href":"https:\/\/www.reko-praha.cz\/pl\/wp-json\/wp\/v2\/pages\/733\/revisions\/879"}],"wp:attachment":[{"href":"https:\/\/www.reko-praha.cz\/pl\/wp-json\/wp\/v2\/media?parent=733"}],"curies":[{"name":"wp","href":"https:\/\/api.w.org\/{rel}","templated":true}]}}