{"id":737,"date":"2017-07-18T15:11:21","date_gmt":"2017-07-18T13:11:21","guid":{"rendered":"https:\/\/www.reko-praha.cz\/?page_id=737&#038;lang=pl"},"modified":"2020-07-29T13:19:08","modified_gmt":"2020-07-29T11:19:08","slug":"slowo-dyrektora-generalnego","status":"publish","type":"page","link":"https:\/\/www.reko-praha.cz\/pl\/profil-spolki\/slowo-dyrektora-generalnego\/","title":{"rendered":"List Dyrektora Generalnego"},"content":{"rendered":"<div id='gallery-1' class='gallery galleryid-737 gallery-columns-3 gallery-size-thumbnail'><dl class='gallery-item'>\n\t\t\t<dt class='gallery-icon portrait'>\n\t\t\t\t<a title=\"ing-vladimir-kolarik\" href='https:\/\/www.reko-praha.cz\/pl\/profil-spolki\/slowo-dyrektora-generalnego\/ing-vladimir-kolarik-2\/'><img loading=\"lazy\" decoding=\"async\" width=\"200\" height=\"200\" src=\"https:\/\/www.reko-praha.cz\/wp-content\/uploads\/2016\/12\/ing-vladimir-kolarik-200x200.jpg\" class=\"attachment-thumbnail size-thumbnail\" alt=\"\" \/><\/a>\n\t\t\t<\/dt><\/dl>\n\t\t\t<br style='clear: both' \/>\n\t\t<\/div>\n\n<p align=\"justify\">Szanowni Pa\u0144stwo!<\/p>\n<p align=\"justify\">Pozw\u00f3lcie mi przywita\u0107 Pa\u0144stwa na stronie internetowej Sp\u00f3\u0142ki REKO PRAHA a.s., na kt\u00f3rej w\u0142a\u015bnie si\u0119 znajdujecie. Chcia\u0142bym przedstawi\u0107 Pa\u0144stwu w skr\u00f3cie histori\u0119 naszej firmy, kt\u00f3ra liczy ponad dwadzie\u015bcia pi\u0119\u0107 lat. Opowiem Pa\u0144stwu o naszej tera\u017aniejszo\u015bci, jak r\u00f3wnie\u017c o naszych wizjach na przysz\u0142o\u015b\u0107.<a name=\"_GoBack\"><\/a><\/p>\n<p align=\"justify\">Sp\u00f3\u0142ka REKO PRAHA, a.s. zosta\u0142a za\u0142o\u017cona ponad dwadzie\u015bcia pi\u0119\u0107 lat temu, wyznaczaj\u0105c sobie za cel, aby sta\u0107 si\u0119 solidnym i zapewniaj\u0105cym wysok\u0105 jako\u015b\u0107 dostawc\u0105 w bran\u017cy ch\u0142odni kominowych. W czasie dzia\u0142ania na rynku czeskim, jak i na rynkach zagranicznych, uczestniczyli\u015bmy w wielu du\u017cych projektach. W\u015br\u00f3d najwa\u017cniejszych wymieni\u0142bym: kompleksow\u0105 modernizacj\u0119 elektrowni Tu\u0161imice<br \/>\ni Prun\u00e9\u0159ov oraz budow\u0119 nowych blok\u00f3w w elektrowniach Ledvice i Po\u010derady w Czechach czy te\u017c zwi\u0119kszenie mocy wytw\u00f3rczych blok\u00f3w w Elektrowni J\u0105drowej Jaslovsk\u00e9 Bohunice w S\u0142owacji. Warto przypomnie\u0107 tak\u017ce wa\u017cny projekt wybudowania dw\u00f3ch ch\u0142odni wentylatorowych w Elektrowni J\u0105drowej Dukovany, gdzie stawiano szczeg\u00f3lne wymagania dotycz\u0105ce wytrzyma\u0142o\u015bci, jako\u015bci<br \/>\ni niezawodno\u015bci urz\u0105dze\u0144. W czasie naszej dzia\u0142alno\u015bci, zakres dzia\u0142alno\u015bci uleg\u0142 rozszerzeniu, obejmuj\u0105c tak\u017ce monolityczne konstrukcje \u017celbetowe wszystkich typ\u00f3w. Do najwa\u017cniejszych projekt\u00f3w w tej dziedzinie z pewno\u015bci\u0105 nale\u017c\u0105 du\u017ce konstrukcje fundamentowe w przemy\u015ble samochodowym dla sp\u00f3\u0142ki projekcyjnej i budowlanej Takenaka Europe. Ostatni\u0105 bran\u017c\u0105, o kt\u00f3rej pragn\u0119 wspomnie\u0107, jest budowanie obiekt\u00f3w przemys\u0142owych \u201epod klucz\u201d. Dla sp\u00f3\u0142ki Sladovny Soufflet (S\u0142odownie Soufflet) wybudowali\u015bmy ju\u017c trzy suszarnie skie\u0142kowanego j\u0119czmienia w s\u0142odowniach: Nymburk, Hodonice i Krom\u011b\u0159\u00ed\u017e oraz na przyk\u0142ad kot\u0142owni\u0119 gazow\u0105 w Elektrowni Ledvice.<\/p>\n<p align=\"justify\">W\u015br\u00f3d interesuj\u0105cych, ostatnio zrealizowanych projekt\u00f3w mog\u0119 wymieni\u0107 r\u00f3wnie\u017c szeroko zakrojony projekt wzmocnienia sejsmicznego kilku budynk\u00f3w elektrowni j\u0105drowej Mochovce oraz budow\u0119 cylindrycznego silosu na zr\u0119bki drzewne w Mondi \u0160t\u011bt\u00ed, kt\u00f3re zosta\u0142y zbudowane metod\u0105 deskowania \u015blizgowego.<\/p>\n<p align=\"justify\">Obecnie nasza Sp\u00f3\u0142ka rozszerzy\u0142a zakres swoich dzia\u0142a\u0144 tak\u017ce o s\u0105siaduj\u0105c\u0105 z nami Polsk\u0119, gdzie sukcesywnie udaje nam si\u0119 pozyskiwa\u0107 interesuj\u0105ce zam\u00f3wienia, zar\u00f3wno w dziedzinie ch\u0142odni kominowych, jak i w dziedzinie monolitycznych konstrukcji \u017celbetowych.<\/p>\n<p align=\"justify\">Spo\u015br\u00f3d zagranicznych projekt\u00f3w chcia\u0142bym zwr\u00f3ci\u0107 uwag\u0119 na ostatni projekt remontu ch\u0142odni wentylatorowej w Kosowie, kt\u00f3ry zrealizowali\u015bmy we wsp\u00f3\u0142pracy z lokaln\u0105 firm\u0105 w 2018 roku.<\/p>\n<p align=\"justify\">Nasz\u0105 wizj\u0105 jest dalsze budowanie mocnej i stabilnej sp\u00f3\u0142ki, zapewniaj\u0105cej dla swoich Klient\u00f3w wysokiej jako\u015bci, bezproblemow\u0105 obs\u0142ug\u0119 w rozs\u0105dnej cenie.<\/p>\n<p align=\"justify\">Wierzymy, \u017ce tak\u017ce Pa\u0144stwo \u2013 kt\u00f3rzy nie nale\u017c\u0105 jeszcze do grona naszych Klient\u00f3w \u2013 b\u0119d\u0105 mogli si\u0119 wkr\u00f3tce przekona\u0107 co do prawdziwo\u015bci powy\u017cszych s\u0142\u00f3w.<\/p>\n<p><strong>In\u017c. Vladim\u00edr Kola\u0159\u00edk<\/strong><\/p>\n<p>Dyrektor Generalny<\/p>\n<p>&nbsp;<\/p>\n<p>&nbsp;<\/p>\n","protected":false},"excerpt":{"rendered":"<p>Szanowni Pa\u0144stwo! Pozw\u00f3lcie mi przywita\u0107 Pa\u0144stwa na stronie internetowej Sp\u00f3\u0142ki REKO PRAHA a.s., na kt\u00f3rej w\u0142a\u015bnie si\u0119 znajdujecie. Chcia\u0142bym przedstawi\u0107 Pa\u0144stwu w skr\u00f3cie histori\u0119 naszej firmy, kt\u00f3ra liczy ponad dwadzie\u015bcia pi\u0119\u0107 lat. Opowiem Pa\u0144stwu o naszej tera\u017aniejszo\u015bci, jak r\u00f3wnie\u017c o &hellip;<\/p>\n","protected":false},"author":1,"featured_media":0,"parent":755,"menu_order":2,"comment_status":"closed","ping_status":"closed","template":"","meta":{"footnotes":""},"_links":{"self":[{"href":"https:\/\/www.reko-praha.cz\/pl\/wp-json\/wp\/v2\/pages\/737"}],"collection":[{"href":"https:\/\/www.reko-praha.cz\/pl\/wp-json\/wp\/v2\/pages"}],"about":[{"href":"https:\/\/www.reko-praha.cz\/pl\/wp-json\/wp\/v2\/types\/page"}],"author":[{"embeddable":true,"href":"https:\/\/www.reko-praha.cz\/pl\/wp-json\/wp\/v2\/users\/1"}],"replies":[{"embeddable":true,"href":"https:\/\/www.reko-praha.cz\/pl\/wp-json\/wp\/v2\/comments?post=737"}],"version-history":[{"count":6,"href":"https:\/\/www.reko-praha.cz\/pl\/wp-json\/wp\/v2\/pages\/737\/revisions"}],"predecessor-version":[{"id":2021,"href":"https:\/\/www.reko-praha.cz\/pl\/wp-json\/wp\/v2\/pages\/737\/revisions\/2021"}],"up":[{"embeddable":true,"href":"https:\/\/www.reko-praha.cz\/pl\/wp-json\/wp\/v2\/pages\/755"}],"wp:attachment":[{"href":"https:\/\/www.reko-praha.cz\/pl\/wp-json\/wp\/v2\/media?parent=737"}],"curies":[{"name":"wp","href":"https:\/\/api.w.org\/{rel}","templated":true}]}}