{"id":739,"date":"2017-07-18T15:15:35","date_gmt":"2017-07-18T13:15:35","guid":{"rendered":"https:\/\/www.reko-praha.cz\/?page_id=739&#038;lang=pl"},"modified":"2023-09-16T22:35:26","modified_gmt":"2023-09-16T20:35:26","slug":"polityka-srodowiskowa-i-polityka-bhp","status":"publish","type":"page","link":"https:\/\/www.reko-praha.cz\/pl\/profil-spolki\/polityka-srodowiskowa-i-polityka-bhp\/","title":{"rendered":"Polityka \u015arodowiskowa i Polityka BHP"},"content":{"rendered":"<p>Nasza Sp\u00f3\u0142ka wyra\u017ca sw\u00f3j stosunek do \u015brodowiska naturalnego oraz do bezpiecze\u0144stwa i higieny pracy zobowi\u0105zuj\u0105c si\u0119:<\/p>\n<ul>\n<li>poprzez podej\u015bcie koncepcyjne i systemowe do stwarzania mo\u017cliwo\u015bci zaanga\u017cowania wszystkich pracownik\u00f3w i wsp\u00f3\u0142pracownik\u00f3w zewn\u0119trznych w projektowanie i realizowanie krok\u00f3w maj\u0105cych na celu nieustanne doskonalenie naszego zintegrowanego systemu zarz\u0105dzania \u015brodowiskiem i BHP oraz wszystkich naszych proces\u00f3w i ka\u017cdej czynno\u015bci<\/li>\n<li>do pozostawania w trwa\u0142ej zgodno\u015bci z wymaganiami przepis\u00f3w prawnych i innymi wymaganiami w zakresie \u015brodowiska oraz bezpiecze\u0144stwa i higieny pracy, kt\u00f3re odnosz\u0105 si\u0119 do naszej pracy, jak te\u017c do bie\u017c\u0105cego ich monitorowania.<\/li>\n<li>monitorowa\u0107 i dokonywa\u0107 ocen oddzia\u0142ywania wszystkich naszych proces\u00f3w i ka\u017cdej czynno\u015bci na \u015brodowisko wraz ze zobowi\u0105zaniem do zapobiegania i minimalizowania zanieczyszczenia i innych negatywnych oddzia\u0142ywa\u0144, zachowuj\u0105c przy tym wysok\u0105 niezawodno\u015b\u0107, jako\u015b\u0107 i dopuszczalny poziom z\u0142o\u017cono\u015bci ekonomicznej naszych produkt\u00f3w<\/li>\n<li>do zapobiegania wypadkom przy pracy i uszkodzeniu zdrowia podczas wykonywania wszelkich czynno\u015bci Sp\u00f3\u0142ki<\/li>\n<li>do okresowego okre\u015blania cel\u00f3w \u015brodowiskowych i warto\u015bci docelowych oraz cel\u00f3w w zakresie BHP, oraz do dokonywania oceny ich spe\u0142nienia<\/li>\n<li>realizuj\u0105c niniejsz\u0105 polityk\u0119 do umacniania \u2013 w \u015bwiadomo\u015bci naszych Klient\u00f3w, organ\u00f3w kontroli oraz opinii publicznej \u2013 po\u0142\u0105czenia nazwy \u201eREKO PRAHA, a.s.\u201d z takimi poj\u0119ciami jak solidno\u015b\u0107, niezawodno\u015b\u0107 i pewno\u015b\u0107 sytuacji prawnej w zakresie ochrony \u015brodowiska i BHP.<\/li>\n<\/ul>\n<p>REKO PRAHA, a.s. jest posiadaczem certyfikatu do budowania i remont\u00f3w ch\u0142odni kominowych, sanacji konstrukcji betonowych, wykonywania konstrukcji monolitycznych, wykonywania obiekt\u00f3w przemys\u0142owych i u\u017cyteczno\u015bci publicznej, projektowania ch\u0142odni kominowych i obiekt\u00f3w przemys\u0142owych, zgodnie z normami: \u010cSN EN ISO 14001:2016 i \u010cSN OHSAS 45001:2018.<\/p>\n<p><a href=\"https:\/\/www.reko-praha.cz\/wp-content\/uploads\/2016\/12\/ekopolitika.jpg\"><img loading=\"lazy\" decoding=\"async\" class=\"alignnone wp-image-96\" src=\"https:\/\/www.reko-praha.cz\/wp-content\/uploads\/2016\/12\/ekopolitika-1024x683.jpg\" alt=\"\" width=\"800\" height=\"533\" srcset=\"https:\/\/www.reko-praha.cz\/wp-content\/uploads\/2016\/12\/ekopolitika-1024x683.jpg 1024w, https:\/\/www.reko-praha.cz\/wp-content\/uploads\/2016\/12\/ekopolitika-300x200.jpg 300w, https:\/\/www.reko-praha.cz\/wp-content\/uploads\/2016\/12\/ekopolitika-768x512.jpg 768w, https:\/\/www.reko-praha.cz\/wp-content\/uploads\/2016\/12\/ekopolitika.jpg 1200w\" sizes=\"(max-width: 800px) 100vw, 800px\" \/><\/a><\/p>\n","protected":false},"excerpt":{"rendered":"<p>Nasza Sp\u00f3\u0142ka wyra\u017ca sw\u00f3j stosunek do \u015brodowiska naturalnego oraz do bezpiecze\u0144stwa i higieny pracy zobowi\u0105zuj\u0105c si\u0119: poprzez podej\u015bcie koncepcyjne i systemowe do stwarzania mo\u017cliwo\u015bci zaanga\u017cowania wszystkich pracownik\u00f3w i wsp\u00f3\u0142pracownik\u00f3w zewn\u0119trznych w projektowanie i realizowanie krok\u00f3w maj\u0105cych na celu nieustanne doskonalenie &hellip;<\/p>\n","protected":false},"author":1,"featured_media":0,"parent":755,"menu_order":6,"comment_status":"closed","ping_status":"closed","template":"","meta":{"footnotes":""},"_links":{"self":[{"href":"https:\/\/www.reko-praha.cz\/pl\/wp-json\/wp\/v2\/pages\/739"}],"collection":[{"href":"https:\/\/www.reko-praha.cz\/pl\/wp-json\/wp\/v2\/pages"}],"about":[{"href":"https:\/\/www.reko-praha.cz\/pl\/wp-json\/wp\/v2\/types\/page"}],"author":[{"embeddable":true,"href":"https:\/\/www.reko-praha.cz\/pl\/wp-json\/wp\/v2\/users\/1"}],"replies":[{"embeddable":true,"href":"https:\/\/www.reko-praha.cz\/pl\/wp-json\/wp\/v2\/comments?post=739"}],"version-history":[{"count":8,"href":"https:\/\/www.reko-praha.cz\/pl\/wp-json\/wp\/v2\/pages\/739\/revisions"}],"predecessor-version":[{"id":4066,"href":"https:\/\/www.reko-praha.cz\/pl\/wp-json\/wp\/v2\/pages\/739\/revisions\/4066"}],"up":[{"embeddable":true,"href":"https:\/\/www.reko-praha.cz\/pl\/wp-json\/wp\/v2\/pages\/755"}],"wp:attachment":[{"href":"https:\/\/www.reko-praha.cz\/pl\/wp-json\/wp\/v2\/media?parent=739"}],"curies":[{"name":"wp","href":"https:\/\/api.w.org\/{rel}","templated":true}]}}