{"id":743,"date":"2017-07-18T15:25:52","date_gmt":"2017-07-18T13:25:52","guid":{"rendered":"https:\/\/www.reko-praha.cz\/?page_id=743&#038;lang=pl"},"modified":"2017-09-07T21:48:13","modified_gmt":"2017-09-07T19:48:13","slug":"chlodnie-kominowe","status":"publish","type":"page","link":"https:\/\/www.reko-praha.cz\/pl\/683-2\/chlodnie-kominowe\/","title":{"rendered":"Ch\u0142odnie kominowe"},"content":{"rendered":"<p><a href=\"https:\/\/www.reko-praha.cz\/wp-content\/uploads\/2016\/11\/cti.jpg\"><img loading=\"lazy\" decoding=\"async\" class=\"size-full wp-image-108 alignright\" src=\"https:\/\/www.reko-praha.cz\/wp-content\/uploads\/2016\/11\/cti.jpg\" alt=\"\" width=\"200\" height=\"200\" \/><\/a>REKO PRAHA, a.s. jest firm\u0105 budowlan\u0105 specjalizuj\u0105c\u0105 si\u0119 w projektowaniu, budowie, remontach i serwisie ch\u0142odni atmosferycznych wszystkich typ\u00f3w. Ch\u0142odnie dostarczamy z regu\u0142y \u201epod klucz\u201d. Dla ch\u0142odni kominowych o ci\u0105gu naturalnym oraz ch\u0142odni wentylatorowych sporz\u0105dzamy dokumentacj\u0119 projektow\u0105 we wszystkich fazach, we w\u0142asnej projekcji, \u0142\u0105cznie z obliczeniami cieplno-technicznymi, hydraulicznymi i statycznymi.<\/p>\n<p>Produkujemy i dostarczamy w\u0142asne komponenty technologii ch\u0142odzenia, takie jak wk\u0142ady ch\u0142odnicze, dysze rozpryskowe i eliminatory unosu. Konstrukcje no\u015bne ch\u0142odni kominowych s\u0105 wykonywane z \u017celbetu, stali i profili kompozytowych wg \u017cyczenia Klienta.<\/p>\n<p>Sp\u00f3\u0142ka REKO PRAHA dostarcza ch\u0142odnie kominowe, w przypadku wymaga\u0144 zlecenia, \u0142\u0105cznie z obwodami ch\u0142odniczymi, stacjami pomp wody ch\u0142odz\u0105cej i innymi urz\u0105dzeniami.<\/p>\n<p>Firma REKO Praha jest od 2009 roku cz\u0142onkiem organizacji bran\u017cowej Cooling Technology Institute (CTI)<\/p>\n<div class=\"blackquote\">Oferujemy:<\/p>\n<ul>\n<li>Doradztwo dotycz\u0105ce wyboru rozwi\u0105zania ch\u0142odni kominowej oraz studium wykonalno\u015bci<\/li>\n<li>Projekt i obliczenia ch\u0142odni kominowej<\/li>\n<li>Dokumentacj\u0119 projektow\u0105 we wszystkich fazach<\/li>\n<li>Budow\u0119 ch\u0142odni kominowej \u201epod klucz\u201d<\/li>\n<li>Zarz\u0105dzanie projektami i nadzorowaniem<\/li>\n<li>Uruchamianie urz\u0105dze\u0144 wraz z testami<\/li>\n<li>Przeszkolenie obs\u0142ugi i asystencj\u0119 techniczn\u0105 podczas eksploatacji urz\u0105dze\u0144<\/li>\n<li>Serwis gwarancyjny i pogwarancyjny<\/li>\n<li>Remonty cz\u0119\u015bciowe i kapitalne istniej\u0105cych urz\u0105dze\u0144<\/li>\n<li>Dostaw\u0119 technologii ch\u0142odzenia<\/li>\n<\/ul>\n<\/div>\n<div id='gallery-1' class='gallery galleryid-743 gallery-columns-5 gallery-size-thumbnail'><dl class='gallery-item'>\n\t\t\t<dt class='gallery-icon landscape'>\n\t\t\t\t<a title=\"tusimice2\" href='https:\/\/www.reko-praha.cz\/wp-content\/uploads\/2017\/09\/tusimice2.jpg'><img loading=\"lazy\" decoding=\"async\" width=\"200\" height=\"200\" src=\"https:\/\/www.reko-praha.cz\/wp-content\/uploads\/2017\/09\/tusimice2-200x200.jpg\" class=\"attachment-thumbnail size-thumbnail\" alt=\"\" \/><\/a>\n\t\t\t<\/dt><\/dl><dl class='gallery-item'>\n\t\t\t<dt class='gallery-icon landscape'>\n\t\t\t\t<a title=\"trinec_kompozit_foto_c_tomas_maly__mg_4227\" href='https:\/\/www.reko-praha.cz\/wp-content\/uploads\/2017\/09\/trinec_kompozit_foto_c_tomas_maly__mg_4227.jpg'><img loading=\"lazy\" decoding=\"async\" width=\"200\" height=\"200\" src=\"https:\/\/www.reko-praha.cz\/wp-content\/uploads\/2017\/09\/trinec_kompozit_foto_c_tomas_maly__mg_4227-200x200.jpg\" class=\"attachment-thumbnail size-thumbnail\" alt=\"\" \/><\/a>\n\t\t\t<\/dt><\/dl><dl class='gallery-item'>\n\t\t\t<dt class='gallery-icon portrait'>\n\t\t\t\t<a title=\"trinec_foto_c_tomas_maly_mg_0980a\" href='https:\/\/www.reko-praha.cz\/wp-content\/uploads\/2017\/09\/trinec_foto_c_tomas_maly_mg_0980a.jpg'><img loading=\"lazy\" decoding=\"async\" width=\"200\" height=\"200\" src=\"https:\/\/www.reko-praha.cz\/wp-content\/uploads\/2017\/09\/trinec_foto_c_tomas_maly_mg_0980a-200x200.jpg\" class=\"attachment-thumbnail size-thumbnail\" alt=\"\" \/><\/a>\n\t\t\t<\/dt><\/dl><dl class='gallery-item'>\n\t\t\t<dt class='gallery-icon landscape'>\n\t\t\t\t<a title=\"ledvice-ii-2\" href='https:\/\/www.reko-praha.cz\/wp-content\/uploads\/2017\/09\/ledvice-ii-2.jpg'><img loading=\"lazy\" decoding=\"async\" width=\"200\" height=\"200\" src=\"https:\/\/www.reko-praha.cz\/wp-content\/uploads\/2017\/09\/ledvice-ii-2-200x200.jpg\" class=\"attachment-thumbnail size-thumbnail\" alt=\"\" \/><\/a>\n\t\t\t<\/dt><\/dl><dl class='gallery-item'>\n\t\t\t<dt class='gallery-icon landscape'>\n\t\t\t\t<a title=\"aa_top_dukovany_29062016_foto_c_tomas_maly_mg_3748-hdr\" href='https:\/\/www.reko-praha.cz\/wp-content\/uploads\/2017\/09\/aa_top_dukovany_29062016_foto_c_tomas_maly_mg_3748-hdr.jpg'><img loading=\"lazy\" decoding=\"async\" width=\"200\" height=\"200\" src=\"https:\/\/www.reko-praha.cz\/wp-content\/uploads\/2017\/09\/aa_top_dukovany_29062016_foto_c_tomas_maly_mg_3748-hdr-200x200.jpg\" class=\"attachment-thumbnail size-thumbnail\" alt=\"\" \/><\/a>\n\t\t\t<\/dt><\/dl><br style=\"clear: both\" \/>\n\t\t<\/div>\n\n","protected":false},"excerpt":{"rendered":"<p>REKO PRAHA, a.s. jest firm\u0105 budowlan\u0105 specjalizuj\u0105c\u0105 si\u0119 w projektowaniu, budowie, remontach i serwisie ch\u0142odni atmosferycznych wszystkich typ\u00f3w. Ch\u0142odnie dostarczamy z regu\u0142y \u201epod klucz\u201d. Dla ch\u0142odni kominowych o ci\u0105gu naturalnym oraz ch\u0142odni wentylatorowych sporz\u0105dzamy dokumentacj\u0119 projektow\u0105 we wszystkich fazach, we &hellip;<\/p>\n","protected":false},"author":1,"featured_media":2152,"parent":683,"menu_order":1,"comment_status":"closed","ping_status":"closed","template":"","meta":{"footnotes":""},"_links":{"self":[{"href":"https:\/\/www.reko-praha.cz\/pl\/wp-json\/wp\/v2\/pages\/743"}],"collection":[{"href":"https:\/\/www.reko-praha.cz\/pl\/wp-json\/wp\/v2\/pages"}],"about":[{"href":"https:\/\/www.reko-praha.cz\/pl\/wp-json\/wp\/v2\/types\/page"}],"author":[{"embeddable":true,"href":"https:\/\/www.reko-praha.cz\/pl\/wp-json\/wp\/v2\/users\/1"}],"replies":[{"embeddable":true,"href":"https:\/\/www.reko-praha.cz\/pl\/wp-json\/wp\/v2\/comments?post=743"}],"version-history":[{"count":6,"href":"https:\/\/www.reko-praha.cz\/pl\/wp-json\/wp\/v2\/pages\/743\/revisions"}],"predecessor-version":[{"id":1711,"href":"https:\/\/www.reko-praha.cz\/pl\/wp-json\/wp\/v2\/pages\/743\/revisions\/1711"}],"up":[{"embeddable":true,"href":"https:\/\/www.reko-praha.cz\/pl\/wp-json\/wp\/v2\/pages\/683"}],"wp:featuredmedia":[{"embeddable":true,"href":"https:\/\/www.reko-praha.cz\/pl\/wp-json\/wp\/v2\/media\/2152"}],"wp:attachment":[{"href":"https:\/\/www.reko-praha.cz\/pl\/wp-json\/wp\/v2\/media?parent=743"}],"curies":[{"name":"wp","href":"https:\/\/api.w.org\/{rel}","templated":true}]}}