{"id":745,"date":"2017-07-18T15:36:06","date_gmt":"2017-07-18T13:36:06","guid":{"rendered":"https:\/\/www.reko-praha.cz\/?page_id=745&#038;lang=pl"},"modified":"2017-09-07T21:56:32","modified_gmt":"2017-09-07T19:56:32","slug":"konstrukcje-monolityczne","status":"publish","type":"page","link":"https:\/\/www.reko-praha.cz\/pl\/683-2\/konstrukcje-monolityczne\/","title":{"rendered":"Konstrukcje monolityczne"},"content":{"rendered":"<p>Sp\u00f3\u0142ka REKO PRAHA, a.s. jest sprawdzonym dostawc\u0105 monolitycznych konstrukcji \u017celbetowych wszystkich typ\u00f3w. Chodzi na przyk\u0142ad o budynki administracyjne, mieszkalne, obiekty budowlane gospodarki wodnej, zbiorniki, z\u0142o\u017cone konstrukcje fundamentowe, ma\u0142e elektrownie wodne, budynki technologiczne itp. Realizuj\u0105c zam\u00f3wienia tego typu, firma korzysta z do\u015bwiadczenia nabytego w czasie budowania wysokich \u017celbetowych ch\u0142odni kominowych.<\/p>\n<p>Firma u\u017cywa w\u0142asnego, jak te\u017c wynaj\u0119tego wyposa\u017cenia technicznego i technologicznego, a zbrojenie do konstrukcji \u017celbetowych przygotowuje we w\u0142asnym zak\u0142adzie produkcyjnym w mie\u015bcie\u00a0Ben\u00e1tky nad Jizerou.<\/p>\n<p>Koncentruje si\u0119 przede wszystkim na wykonywaniu monolitycznych konstrukcji \u017celbetowych z zastosowaniem deskowania systemowego firmy austriackiej DOKA, ale w przypadku obiekt\u00f3w wysoko\u015bciowych pracuje tak\u017ce z deskowaniem \u015blizgowym i systemowym rozbieralno-przestawnym. W przypadku potrzeby jest do dyspozycji tak\u017ce warsztat stolarski do produkcji precyzyjnych form o z\u0142o\u017conych kszta\u0142tach oraz kr\u0105\u017cyn.<\/p>\n<div class=\"blackquote\">Oferujemy:<\/p>\n<ul>\n<li>Dokumentacj\u0119 projektow\u0105 we wszystkich fazach<\/li>\n<li>Budow\u0119 konstrukcji monolitycznych<\/li>\n<li>Dostaw\u0119 zbrojenia do betonu<\/li>\n<li>Dostaw\u0119 i monta\u017c konstrukcji \u015blusarskich<\/li>\n<li>Sanacj\u0119 konstrukcji betonowych<\/li>\n<\/ul>\n<\/div>\n<div id='gallery-1' class='gallery galleryid-745 gallery-columns-5 gallery-size-thumbnail'><dl class='gallery-item'>\n\t\t\t<dt class='gallery-icon landscape'>\n\t\t\t\t<a title=\"aa_top__mg_8050a\" href='https:\/\/www.reko-praha.cz\/wp-content\/uploads\/2017\/07\/aa_top__mg_8050a.jpg'><img loading=\"lazy\" decoding=\"async\" width=\"200\" height=\"200\" src=\"https:\/\/www.reko-praha.cz\/wp-content\/uploads\/2017\/07\/aa_top__mg_8050a-200x200.jpg\" class=\"attachment-thumbnail size-thumbnail\" alt=\"\" \/><\/a>\n\t\t\t<\/dt><\/dl><dl class='gallery-item'>\n\t\t\t<dt class='gallery-icon landscape'>\n\t\t\t\t<a title=\"aa_top_reko-praha-a.s.-realizovane-zakazky-0010\" href='https:\/\/www.reko-praha.cz\/wp-content\/uploads\/2017\/07\/aa_top_reko-praha-a.s.-realizovane-zakazky-0010.jpg'><img loading=\"lazy\" decoding=\"async\" width=\"200\" height=\"200\" src=\"https:\/\/www.reko-praha.cz\/wp-content\/uploads\/2017\/07\/aa_top_reko-praha-a.s.-realizovane-zakazky-0010-200x200.jpg\" class=\"attachment-thumbnail size-thumbnail\" alt=\"\" \/><\/a>\n\t\t\t<\/dt><\/dl><dl class='gallery-item'>\n\t\t\t<dt class='gallery-icon portrait'>\n\t\t\t\t<a title=\"melnik_foto_c_tomas_maly_mg_4825\" href='https:\/\/www.reko-praha.cz\/wp-content\/uploads\/2017\/07\/melnik_foto_c_tomas_maly_mg_4825.jpg'><img loading=\"lazy\" decoding=\"async\" width=\"200\" height=\"200\" src=\"https:\/\/www.reko-praha.cz\/wp-content\/uploads\/2017\/07\/melnik_foto_c_tomas_maly_mg_4825-200x200.jpg\" class=\"attachment-thumbnail size-thumbnail\" alt=\"\" \/><\/a>\n\t\t\t<\/dt><\/dl><dl class='gallery-item'>\n\t\t\t<dt class='gallery-icon landscape'>\n\t\t\t\t<a title=\"mg_8084a\" href='https:\/\/www.reko-praha.cz\/wp-content\/uploads\/2017\/07\/mg_8084a.jpg'><img loading=\"lazy\" decoding=\"async\" width=\"200\" height=\"200\" src=\"https:\/\/www.reko-praha.cz\/wp-content\/uploads\/2017\/07\/mg_8084a-200x200.jpg\" class=\"attachment-thumbnail size-thumbnail\" alt=\"\" \/><\/a>\n\t\t\t<\/dt><\/dl><dl class='gallery-item'>\n\t\t\t<dt class='gallery-icon landscape'>\n\t\t\t\t<a title=\"praha-prosek-monoliticke-kce-bytovych-domu-0006\" href='https:\/\/www.reko-praha.cz\/wp-content\/uploads\/2017\/07\/praha-prosek-monoliticke-kce-bytovych-domu-0006.jpg'><img loading=\"lazy\" decoding=\"async\" width=\"200\" height=\"200\" src=\"https:\/\/www.reko-praha.cz\/wp-content\/uploads\/2017\/07\/praha-prosek-monoliticke-kce-bytovych-domu-0006-200x200.jpg\" class=\"attachment-thumbnail size-thumbnail\" alt=\"\" \/><\/a>\n\t\t\t<\/dt><\/dl><br style=\"clear: both\" \/>\n\t\t<\/div>\n\n","protected":false},"excerpt":{"rendered":"<p>Sp\u00f3\u0142ka REKO PRAHA, a.s. jest sprawdzonym dostawc\u0105 monolitycznych konstrukcji \u017celbetowych wszystkich typ\u00f3w. Chodzi na przyk\u0142ad o budynki administracyjne, mieszkalne, obiekty budowlane gospodarki wodnej, zbiorniki, z\u0142o\u017cone konstrukcje fundamentowe, ma\u0142e elektrownie wodne, budynki technologiczne itp. Realizuj\u0105c zam\u00f3wienia tego typu, firma korzysta z &hellip;<\/p>\n","protected":false},"author":1,"featured_media":2154,"parent":683,"menu_order":2,"comment_status":"closed","ping_status":"closed","template":"","meta":{"footnotes":""},"_links":{"self":[{"href":"https:\/\/www.reko-praha.cz\/pl\/wp-json\/wp\/v2\/pages\/745"}],"collection":[{"href":"https:\/\/www.reko-praha.cz\/pl\/wp-json\/wp\/v2\/pages"}],"about":[{"href":"https:\/\/www.reko-praha.cz\/pl\/wp-json\/wp\/v2\/types\/page"}],"author":[{"embeddable":true,"href":"https:\/\/www.reko-praha.cz\/pl\/wp-json\/wp\/v2\/users\/1"}],"replies":[{"embeddable":true,"href":"https:\/\/www.reko-praha.cz\/pl\/wp-json\/wp\/v2\/comments?post=745"}],"version-history":[{"count":3,"href":"https:\/\/www.reko-praha.cz\/pl\/wp-json\/wp\/v2\/pages\/745\/revisions"}],"predecessor-version":[{"id":1728,"href":"https:\/\/www.reko-praha.cz\/pl\/wp-json\/wp\/v2\/pages\/745\/revisions\/1728"}],"up":[{"embeddable":true,"href":"https:\/\/www.reko-praha.cz\/pl\/wp-json\/wp\/v2\/pages\/683"}],"wp:featuredmedia":[{"embeddable":true,"href":"https:\/\/www.reko-praha.cz\/pl\/wp-json\/wp\/v2\/media\/2154"}],"wp:attachment":[{"href":"https:\/\/www.reko-praha.cz\/pl\/wp-json\/wp\/v2\/media?parent=745"}],"curies":[{"name":"wp","href":"https:\/\/api.w.org\/{rel}","templated":true}]}}