{"id":747,"date":"2017-07-18T15:38:36","date_gmt":"2017-07-18T13:38:36","guid":{"rendered":"https:\/\/www.reko-praha.cz\/?page_id=747&#038;lang=pl"},"modified":"2017-09-07T22:04:49","modified_gmt":"2017-09-07T20:04:49","slug":"obiekty-przemyslowe","status":"publish","type":"page","link":"https:\/\/www.reko-praha.cz\/pl\/683-2\/obiekty-przemyslowe\/","title":{"rendered":"Obiekty przemys\u0142owe"},"content":{"rendered":"<p>Sp\u00f3\u0142ka REKO PRAHA, a.s. jest mocn\u0105 i stabiln\u0105 firm\u0105 dysponuj\u0105c\u0105 zespo\u0142em wykwalifikowanych pracownik\u00f3w zdolnych do zapewnienia budowy obiekt\u00f3w przemys\u0142owych na pozycji generalnego dostawcy. Potrafi si\u0119 zaj\u0105\u0107 specjalnym posadowieniem obiekt\u00f3w w skomplikowanych dla fundamentu warunkach. Zapewnia prace ziemne, wybudowanie obiektu z \u017celbetu w stanie surowym oraz pomocnicz\u0105 produkcj\u0119 budowlan\u0105 niezb\u0119dn\u0105 do sfinalizowania dzie\u0142a.<\/p>\n<div class=\"blackquote\">\nOferujemy:<\/p>\n<ul>\n<li>Dokumentacj\u0119 projektow\u0105 we wszystkich fazach<\/li>\n<li>Zarz\u0105dzanie projektami i nadzorowaniem<\/li>\n<li>Budow\u0119 obiekt\u00f3w przemys\u0142owych \u201epod klucz\u201d<\/li>\n<li>Uruchamianie urz\u0105dze\u0144 wraz z testami<\/li>\n<li>Przeszkolenie obs\u0142ugi i asystencj\u0119 techniczn\u0105 podczas eksploatacji urz\u0105dze\u0144<\/li>\n<li>Serwis gwarancyjny i pogwarancyjny<\/li>\n<li>Remonty cz\u0119\u015bciowe i kapitalne istniej\u0105cych urz\u0105dze\u0144<\/li>\n<\/ul>\n<\/div>\n<div id='gallery-1' class='gallery galleryid-747 gallery-columns-5 gallery-size-thumbnail'><dl class='gallery-item'>\n\t\t\t<dt class='gallery-icon landscape'>\n\t\t\t\t<a title=\"b100_1318\" href='https:\/\/www.reko-praha.cz\/wp-content\/uploads\/2016\/11\/b100_1318.jpg'><img loading=\"lazy\" decoding=\"async\" width=\"200\" height=\"200\" src=\"https:\/\/www.reko-praha.cz\/wp-content\/uploads\/2016\/11\/b100_1318-200x200.jpg\" class=\"attachment-thumbnail size-thumbnail\" alt=\"\" \/><\/a>\n\t\t\t<\/dt><\/dl><dl class='gallery-item'>\n\t\t\t<dt class='gallery-icon landscape'>\n\t\t\t\t<a title=\"ele_foto_c_tomas_maly_g0022950_1\" href='https:\/\/www.reko-praha.cz\/wp-content\/uploads\/2016\/11\/ele_foto_c_tomas_maly_g0022950_1.jpg'><img loading=\"lazy\" decoding=\"async\" width=\"200\" height=\"200\" src=\"https:\/\/www.reko-praha.cz\/wp-content\/uploads\/2016\/11\/ele_foto_c_tomas_maly_g0022950_1-200x200.jpg\" class=\"attachment-thumbnail size-thumbnail\" alt=\"\" \/><\/a>\n\t\t\t<\/dt><\/dl><dl class='gallery-item'>\n\t\t\t<dt class='gallery-icon portrait'>\n\t\t\t\t<a title=\"mg_7332a\" href='https:\/\/www.reko-praha.cz\/wp-content\/uploads\/2016\/11\/mg_7332a.jpg'><img loading=\"lazy\" decoding=\"async\" width=\"200\" height=\"200\" src=\"https:\/\/www.reko-praha.cz\/wp-content\/uploads\/2016\/11\/mg_7332a-200x200.jpg\" class=\"attachment-thumbnail size-thumbnail\" alt=\"\" \/><\/a>\n\t\t\t<\/dt><\/dl><dl class='gallery-item'>\n\t\t\t<dt class='gallery-icon landscape'>\n\t\t\t\t<a title=\"p1010003\" href='https:\/\/www.reko-praha.cz\/wp-content\/uploads\/2016\/11\/p1010003.jpg'><img loading=\"lazy\" decoding=\"async\" width=\"200\" height=\"200\" src=\"https:\/\/www.reko-praha.cz\/wp-content\/uploads\/2016\/11\/p1010003-200x200.jpg\" class=\"attachment-thumbnail size-thumbnail\" alt=\"\" \/><\/a>\n\t\t\t<\/dt><\/dl><dl class='gallery-item'>\n\t\t\t<dt class='gallery-icon landscape'>\n\t\t\t\t<a title=\"sladovna-soufflet-hodonice\" href='https:\/\/www.reko-praha.cz\/wp-content\/uploads\/2016\/11\/sladovna-soufflet-hodonice.jpg'><img loading=\"lazy\" decoding=\"async\" width=\"200\" height=\"200\" src=\"https:\/\/www.reko-praha.cz\/wp-content\/uploads\/2016\/11\/sladovna-soufflet-hodonice-200x200.jpg\" class=\"attachment-thumbnail size-thumbnail\" alt=\"\" \/><\/a>\n\t\t\t<\/dt><\/dl><br style=\"clear: both\" \/>\n\t\t<\/div>\n\n","protected":false},"excerpt":{"rendered":"<p>Sp\u00f3\u0142ka REKO PRAHA, a.s. jest mocn\u0105 i stabiln\u0105 firm\u0105 dysponuj\u0105c\u0105 zespo\u0142em wykwalifikowanych pracownik\u00f3w zdolnych do zapewnienia budowy obiekt\u00f3w przemys\u0142owych na pozycji generalnego dostawcy. Potrafi si\u0119 zaj\u0105\u0107 specjalnym posadowieniem obiekt\u00f3w w skomplikowanych dla fundamentu warunkach. Zapewnia prace ziemne, wybudowanie obiektu z &hellip;<\/p>\n","protected":false},"author":1,"featured_media":2156,"parent":683,"menu_order":3,"comment_status":"closed","ping_status":"closed","template":"","meta":{"footnotes":""},"_links":{"self":[{"href":"https:\/\/www.reko-praha.cz\/pl\/wp-json\/wp\/v2\/pages\/747"}],"collection":[{"href":"https:\/\/www.reko-praha.cz\/pl\/wp-json\/wp\/v2\/pages"}],"about":[{"href":"https:\/\/www.reko-praha.cz\/pl\/wp-json\/wp\/v2\/types\/page"}],"author":[{"embeddable":true,"href":"https:\/\/www.reko-praha.cz\/pl\/wp-json\/wp\/v2\/users\/1"}],"replies":[{"embeddable":true,"href":"https:\/\/www.reko-praha.cz\/pl\/wp-json\/wp\/v2\/comments?post=747"}],"version-history":[{"count":4,"href":"https:\/\/www.reko-praha.cz\/pl\/wp-json\/wp\/v2\/pages\/747\/revisions"}],"predecessor-version":[{"id":1744,"href":"https:\/\/www.reko-praha.cz\/pl\/wp-json\/wp\/v2\/pages\/747\/revisions\/1744"}],"up":[{"embeddable":true,"href":"https:\/\/www.reko-praha.cz\/pl\/wp-json\/wp\/v2\/pages\/683"}],"wp:featuredmedia":[{"embeddable":true,"href":"https:\/\/www.reko-praha.cz\/pl\/wp-json\/wp\/v2\/media\/2156"}],"wp:attachment":[{"href":"https:\/\/www.reko-praha.cz\/pl\/wp-json\/wp\/v2\/media?parent=747"}],"curies":[{"name":"wp","href":"https:\/\/api.w.org\/{rel}","templated":true}]}}