{"id":749,"date":"2017-07-18T15:43:21","date_gmt":"2017-07-18T13:43:21","guid":{"rendered":"https:\/\/www.reko-praha.cz\/?page_id=749&#038;lang=pl"},"modified":"2017-09-07T16:35:06","modified_gmt":"2017-09-07T14:35:06","slug":"produkty-i-uslugi","status":"publish","type":"page","link":"https:\/\/www.reko-praha.cz\/pl\/683-2\/produkty-i-uslugi\/","title":{"rendered":"Produkty i us\u0142ugi"},"content":{"rendered":"<h2>Technologia ch\u0142odzenia<\/h2>\n<p>Firma REKO Praha, a.s. produkuje, dostarcza i montuje kompleksowy asortyment technologii ch\u0142odzenia dla ch\u0142odni kominowych wszystkich typ\u00f3w. Zesp\u00f3\u0142 wykwalifikowanych pracownik\u00f3w potrafi si\u0119 zaj\u0105\u0107 nawet nietypowymi wymaganiami Klienta. Sp\u00f3\u0142ka dysponuje oprogramowaniem i do\u015bwiadczeniem do oblicze\u0144 cieplno-technicznych parametr\u00f3w ch\u0142odzenia, realizuj\u0105c projekt dok\u0142adnie dopasowany do potrzeb Klienta. W trakcie produkcji wszystkich cz\u0119\u015bci sk\u0142adowych k\u0142adziony jest maksymalny nacisk na jako\u015b\u0107 opracowania.<\/p>\n<div class=\"blackquote\">\n<strong>Oferujemy:<\/strong><\/p>\n<ul>\n<li>Wk\u0142ad ch\u0142odniczy<\/li>\n<li>Dysze rozpryskowe<\/li>\n<li>Eliminatory unosu<\/li>\n<li>Rury sieci wodoci\u0105gowej<\/li>\n<li>Rury oprysku zimowego<\/li>\n<li>Dyfuzory ch\u0142odni wentylatorowych<\/li>\n<li>Silniki do nap\u0119du wentylator\u00f3w<\/li>\n<li>Wentylatory osiowe<\/li>\n<\/ul>\n<\/div>\n<div id='gallery-1' class='gallery galleryid-749 gallery-columns-5 gallery-size-thumbnail'><dl class='gallery-item'>\n\t\t\t<dt class='gallery-icon landscape'>\n\t\t\t\t<a title=\"dukovany_foto_(c)_tomas_maly_mg_6816\" href='https:\/\/www.reko-praha.cz\/pl\/reference\/vystavba-dvou-ventilatorovych-chladicich-vezi-dukovany\/dukovany_foto_c_tomas_maly_mg_6816-3-2\/'><img loading=\"lazy\" decoding=\"async\" width=\"200\" height=\"200\" src=\"https:\/\/www.reko-praha.cz\/wp-content\/uploads\/2017\/04\/dukovany_foto_c_tomas_maly_mg_6816-200x200.jpg\" class=\"attachment-thumbnail size-thumbnail\" alt=\"\" \/><\/a>\n\t\t\t<\/dt><\/dl><dl class='gallery-item'>\n\t\t\t<dt class='gallery-icon landscape'>\n\t\t\t\t<a title=\"dukovany_foto_(c)_tomas_maly_mg_7026\" href='https:\/\/www.reko-praha.cz\/pl\/reference\/vystavba-dvou-ventilatorovych-chladicich-vezi-dukovany\/dukovany_foto_c_tomas_maly_mg_7026-2-2\/'><img loading=\"lazy\" decoding=\"async\" width=\"200\" height=\"200\" src=\"https:\/\/www.reko-praha.cz\/wp-content\/uploads\/2017\/04\/dukovany_foto_c_tomas_maly_mg_7026-200x200.jpg\" class=\"attachment-thumbnail size-thumbnail\" alt=\"\" \/><\/a>\n\t\t\t<\/dt><\/dl><dl class='gallery-item'>\n\t\t\t<dt class='gallery-icon portrait'>\n\t\t\t\t<a title=\"Elimin\u00e1tor 110306_57129\" href='https:\/\/www.reko-praha.cz\/pl\/683-2\/produkty-i-uslugi\/eliminator-110306_57129-2\/'><img loading=\"lazy\" decoding=\"async\" width=\"200\" height=\"200\" src=\"https:\/\/www.reko-praha.cz\/wp-content\/uploads\/2016\/11\/Elimin\u00e1tor-110306_57129-200x200.jpg\" class=\"attachment-thumbnail size-thumbnail\" alt=\"\" \/><\/a>\n\t\t\t<\/dt><\/dl><dl class='gallery-item'>\n\t\t\t<dt class='gallery-icon portrait'>\n\t\t\t\t<a title=\"Elimin\u00e1tor 110306_57131\" href='https:\/\/www.reko-praha.cz\/pl\/683-2\/produkty-i-uslugi\/eliminator-110306_57131-2\/'><img loading=\"lazy\" decoding=\"async\" width=\"200\" height=\"200\" src=\"https:\/\/www.reko-praha.cz\/wp-content\/uploads\/2016\/11\/Elimin\u00e1tor-110306_57131-200x200.jpg\" class=\"attachment-thumbnail size-thumbnail\" alt=\"\" \/><\/a>\n\t\t\t<\/dt><\/dl><dl class='gallery-item'>\n\t\t\t<dt class='gallery-icon portrait'>\n\t\t\t\t<a title=\"Elimin\u00e1tor 110306_57135-let\u00e1k\" href='https:\/\/www.reko-praha.cz\/pl\/683-2\/produkty-i-uslugi\/eliminator-110306_57135-letak-2\/'><img loading=\"lazy\" decoding=\"async\" width=\"200\" height=\"200\" src=\"https:\/\/www.reko-praha.cz\/wp-content\/uploads\/2016\/11\/Elimin\u00e1tor-110306_57135-let\u00e1k-200x200.jpg\" class=\"attachment-thumbnail size-thumbnail\" alt=\"\" \/><\/a>\n\t\t\t<\/dt><\/dl><br style=\"clear: both\" \/><dl class='gallery-item'>\n\t\t\t<dt class='gallery-icon portrait'>\n\t\t\t\t<a title=\"REKO20 110306_57115-let\u00e1k\" href='https:\/\/www.reko-praha.cz\/pl\/683-2\/produkty-i-uslugi\/reko20-110306_57115-letak-2\/'><img loading=\"lazy\" decoding=\"async\" width=\"200\" height=\"200\" src=\"https:\/\/www.reko-praha.cz\/wp-content\/uploads\/2016\/11\/REKO20-110306_57115-let\u00e1k-200x200.jpg\" class=\"attachment-thumbnail size-thumbnail\" alt=\"\" \/><\/a>\n\t\t\t<\/dt><\/dl><dl class='gallery-item'>\n\t\t\t<dt class='gallery-icon landscape'>\n\t\t\t\t<a title=\"REKO20 110306_57119\" href='https:\/\/www.reko-praha.cz\/pl\/683-2\/produkty-i-uslugi\/reko20-110306_57119-2\/'><img loading=\"lazy\" decoding=\"async\" width=\"200\" height=\"200\" src=\"https:\/\/www.reko-praha.cz\/wp-content\/uploads\/2016\/11\/REKO20-110306_57119-200x200.jpg\" class=\"attachment-thumbnail size-thumbnail\" alt=\"\" \/><\/a>\n\t\t\t<\/dt><\/dl><dl class='gallery-item'>\n\t\t\t<dt class='gallery-icon landscape'>\n\t\t\t\t<a title=\"REKO25 110306_57073\" href='https:\/\/www.reko-praha.cz\/pl\/683-2\/produkty-i-uslugi\/reko25-110306_57073-2\/'><img loading=\"lazy\" decoding=\"async\" width=\"200\" height=\"200\" src=\"https:\/\/www.reko-praha.cz\/wp-content\/uploads\/2016\/11\/REKO25-110306_57073-200x200.jpg\" class=\"attachment-thumbnail size-thumbnail\" alt=\"\" \/><\/a>\n\t\t\t<\/dt><\/dl><dl class='gallery-item'>\n\t\t\t<dt class='gallery-icon portrait'>\n\t\t\t\t<a title=\"REKO25 110306_57077-let\u00e1k\" href='https:\/\/www.reko-praha.cz\/pl\/683-2\/produkty-i-uslugi\/reko25-110306_57077-letak-2\/'><img loading=\"lazy\" decoding=\"async\" width=\"200\" height=\"200\" src=\"https:\/\/www.reko-praha.cz\/wp-content\/uploads\/2016\/11\/REKO25-110306_57077-let\u00e1k-200x200.jpg\" class=\"attachment-thumbnail size-thumbnail\" alt=\"\" \/><\/a>\n\t\t\t<\/dt><\/dl><dl class='gallery-item'>\n\t\t\t<dt class='gallery-icon portrait'>\n\t\t\t\t<a title=\"REKO25 110306_57085-let\u00e1k\" href='https:\/\/www.reko-praha.cz\/pl\/683-2\/produkty-i-uslugi\/reko25-110306_57085-letak-2\/'><img loading=\"lazy\" decoding=\"async\" width=\"200\" height=\"200\" src=\"https:\/\/www.reko-praha.cz\/wp-content\/uploads\/2016\/11\/REKO25-110306_57085-let\u00e1k-200x200.jpg\" class=\"attachment-thumbnail size-thumbnail\" alt=\"\" \/><\/a>\n\t\t\t<\/dt><\/dl><br style=\"clear: both\" \/><dl class='gallery-item'>\n\t\t\t<dt class='gallery-icon portrait'>\n\t\t\t\t<a title=\"REKO25 110306_57090\" href='https:\/\/www.reko-praha.cz\/pl\/683-2\/produkty-i-uslugi\/reko25-110306_57090-2\/'><img loading=\"lazy\" decoding=\"async\" width=\"200\" height=\"200\" src=\"https:\/\/www.reko-praha.cz\/wp-content\/uploads\/2016\/11\/REKO25-110306_57090-200x200.jpg\" class=\"attachment-thumbnail size-thumbnail\" alt=\"\" \/><\/a>\n\t\t\t<\/dt><\/dl><dl class='gallery-item'>\n\t\t\t<dt class='gallery-icon landscape'>\n\t\t\t\t<a title=\"trinec_foto_(c)_tomas_maly_MG_1179\" href='https:\/\/www.reko-praha.cz\/pl\/683-2\/produkty-i-uslugi\/trinec_foto_c_tomas_maly_mg_1179-3\/'><img loading=\"lazy\" decoding=\"async\" width=\"200\" height=\"200\" src=\"https:\/\/www.reko-praha.cz\/wp-content\/uploads\/2016\/11\/trinec_foto_c_tomas_maly_MG_1179-200x200.jpg\" class=\"attachment-thumbnail size-thumbnail\" alt=\"\" \/><\/a>\n\t\t\t<\/dt><\/dl><dl class='gallery-item'>\n\t\t\t<dt class='gallery-icon landscape'>\n\t\t\t\t<a title=\"trinec_foto_(c)_tomas_maly_MG_1326\" href='https:\/\/www.reko-praha.cz\/pl\/683-2\/produkty-i-uslugi\/trinec_foto_c_tomas_maly_mg_1326-3\/'><img loading=\"lazy\" decoding=\"async\" width=\"200\" height=\"200\" src=\"https:\/\/www.reko-praha.cz\/wp-content\/uploads\/2016\/11\/trinec_foto_c_tomas_maly_MG_1326-200x200.jpg\" class=\"attachment-thumbnail size-thumbnail\" alt=\"\" \/><\/a>\n\t\t\t<\/dt><\/dl><dl class='gallery-item'>\n\t\t\t<dt class='gallery-icon landscape'>\n\t\t\t\t<a title=\"trinec_kompozit_foto_(c)_tomas_maly__MG_4227\" href='https:\/\/www.reko-praha.cz\/pl\/683-2\/produkty-i-uslugi\/trinec_kompozit_foto_c_tomas_maly__mg_4227-4\/'><img loading=\"lazy\" decoding=\"async\" width=\"200\" height=\"200\" src=\"https:\/\/www.reko-praha.cz\/wp-content\/uploads\/2016\/11\/trinec_kompozit_foto_c_tomas_maly__MG_4227-200x200.jpg\" class=\"attachment-thumbnail size-thumbnail\" alt=\"\" \/><\/a>\n\t\t\t<\/dt><\/dl><dl class='gallery-item'>\n\t\t\t<dt class='gallery-icon landscape'>\n\t\t\t\t<a title=\"trinec_kompozit_foto_(c)_tomas_maly__MG_4246\" href='https:\/\/www.reko-praha.cz\/pl\/683-2\/produkty-i-uslugi\/trinec_kompozit_foto_c_tomas_maly__mg_4246-3\/'><img loading=\"lazy\" decoding=\"async\" width=\"200\" height=\"200\" src=\"https:\/\/www.reko-praha.cz\/wp-content\/uploads\/2016\/11\/trinec_kompozit_foto_c_tomas_maly__MG_4246-200x200.jpg\" class=\"attachment-thumbnail size-thumbnail\" alt=\"\" \/><\/a>\n\t\t\t<\/dt><\/dl><br style=\"clear: both\" \/><dl class='gallery-item'>\n\t\t\t<dt class='gallery-icon landscape'>\n\t\t\t\t<a title=\"trinec_kompozit_foto_(c)_tomas_maly__MG_4411\" href='https:\/\/www.reko-praha.cz\/pl\/683-2\/produkty-i-uslugi\/trinec_kompozit_foto_c_tomas_maly__mg_4411-3\/'><img loading=\"lazy\" decoding=\"async\" width=\"200\" height=\"200\" src=\"https:\/\/www.reko-praha.cz\/wp-content\/uploads\/2016\/11\/trinec_kompozit_foto_c_tomas_maly__MG_4411-200x200.jpg\" class=\"attachment-thumbnail size-thumbnail\" alt=\"\" \/><\/a>\n\t\t\t<\/dt><\/dl><dl class='gallery-item'>\n\t\t\t<dt class='gallery-icon portrait'>\n\t\t\t\t<a title=\"trinec_kompozit_foto_(c)_tomas_maly__MG_4432\" href='https:\/\/www.reko-praha.cz\/pl\/683-2\/produkty-i-uslugi\/trinec_kompozit_foto_c_tomas_maly__mg_4432-3\/'><img loading=\"lazy\" decoding=\"async\" width=\"200\" height=\"200\" src=\"https:\/\/www.reko-praha.cz\/wp-content\/uploads\/2016\/11\/trinec_kompozit_foto_c_tomas_maly__MG_4432-200x200.jpg\" class=\"attachment-thumbnail size-thumbnail\" alt=\"\" \/><\/a>\n\t\t\t<\/dt><\/dl><dl class='gallery-item'>\n\t\t\t<dt class='gallery-icon landscape'>\n\t\t\t\t<a title=\"trinec_kompozit_foto_(c)_tomas_maly_G0033567\" href='https:\/\/www.reko-praha.cz\/pl\/683-2\/produkty-i-uslugi\/trinec_kompozit_foto_c_tomas_maly_g0033567-3\/'><img loading=\"lazy\" decoding=\"async\" width=\"200\" height=\"200\" src=\"https:\/\/www.reko-praha.cz\/wp-content\/uploads\/2016\/11\/trinec_kompozit_foto_c_tomas_maly_G0033567-200x200.jpg\" class=\"attachment-thumbnail size-thumbnail\" alt=\"\" \/><\/a>\n\t\t\t<\/dt><\/dl><dl class='gallery-item'>\n\t\t\t<dt class='gallery-icon landscape'>\n\t\t\t\t<a title=\"Tryska 110306_57139 - let\u00e1k\" href='https:\/\/www.reko-praha.cz\/pl\/683-2\/produkty-i-uslugi\/tryska-110306_57139-letak-2\/'><img loading=\"lazy\" decoding=\"async\" width=\"200\" height=\"200\" src=\"https:\/\/www.reko-praha.cz\/wp-content\/uploads\/2016\/11\/Tryska-110306_57139-let\u00e1k-200x200.jpg\" class=\"attachment-thumbnail size-thumbnail\" alt=\"\" \/><\/a>\n\t\t\t<\/dt><\/dl><dl class='gallery-item'>\n\t\t\t<dt class='gallery-icon landscape'>\n\t\t\t\t<a title=\"Tryska 110306_57142 - let\u00e1k\" href='https:\/\/www.reko-praha.cz\/pl\/683-2\/produkty-i-uslugi\/tryska-110306_57142-letak-2\/'><img loading=\"lazy\" decoding=\"async\" width=\"200\" height=\"200\" src=\"https:\/\/www.reko-praha.cz\/wp-content\/uploads\/2016\/11\/Tryska-110306_57142-let\u00e1k-200x200.jpg\" class=\"attachment-thumbnail size-thumbnail\" alt=\"\" \/><\/a>\n\t\t\t<\/dt><\/dl><br style=\"clear: both\" \/>\n\t\t<\/div>\n\n<h2 class=\"western\" lang=\"pl-PL\">Mikroch\u0142odnie<\/h2>\n<p>Firma REKO PRAHA dostarcza ma\u0142e ch\u0142odnie atmosferyczne przeznaczone do ch\u0142odzenia wody w mniejszych obwodach ch\u0142odz\u0105cych. Konstrukcj\u0119 mikroch\u0142odni stanowi szafa ze szk\u0142a laminowanego sk\u0142adaj\u0105ca si\u0119 z trzech cz\u0119\u015bci. Cz\u0119\u015b\u0107 dolna tworzy zbiornik och\u0142odzonej wody. W \u015bcianach zbiornika wytworzone s\u0105 otwory do wsysania powietrza, chronione \u017caluzjami nierdzewnymi, zapobiegaj\u0105cymi rozpryskiwaniu wody poza ch\u0142odni\u0119. W cz\u0119\u015bci \u015brodkowej mikroch\u0142odni umieszczona jest technologia ch\u0142odzenia. Natomiast cz\u0119\u015b\u0107 g\u00f3rna zawiera wentylator osiowy ss\u0105cy zapewniaj\u0105cy przep\u0142yw powietrza w kierunku przeciwnym do kierunku wody przep\u0142ywaj\u0105cej przez wk\u0142ad ch\u0142odniczy. Wentylator nap\u0119dzany jest silnikiem elektrycznym zamocowanym na ramie no\u015bnej w dyfuzorze, kt\u00f3ry w cz\u0119\u015bci g\u00f3rnej tworzy zako\u0144czenie korpusu ch\u0142odni.<\/p>\n<p>Mikroch\u0142odnia jest wyposa\u017cona w rozdzielni\u0119 elektryczn\u0105, w kt\u00f3rej zarazem jest zainstalowana jednostka pomiarowo-regulacyjna.<\/p>\n<p>Mikroch\u0142odnie s\u0105 produktami typowymi; produkujemy dwa podstawowe typy:<\/p>\n<p>MACH \u2013 R 20 dla przep\u0142ywu maks. 20 m3\/godz. i MACH \u2013 R 60 dla przep\u0142ywu maks. 60 m3\/godz.<\/p>\n<div id='gallery-2' class='gallery galleryid-749 gallery-columns-3 gallery-size-thumbnail'><dl class='gallery-item'>\n\t\t\t<dt class='gallery-icon portrait'>\n\t\t\t\t<a title=\"foto1\" href='https:\/\/www.reko-praha.cz\/pl\/683-2\/produkty-i-uslugi\/foto1-2\/'><img loading=\"lazy\" decoding=\"async\" width=\"200\" height=\"200\" src=\"https:\/\/www.reko-praha.cz\/wp-content\/uploads\/2016\/11\/foto1-200x200.jpg\" class=\"attachment-thumbnail size-thumbnail\" alt=\"\" \/><\/a>\n\t\t\t<\/dt><\/dl><dl class='gallery-item'>\n\t\t\t<dt class='gallery-icon portrait'>\n\t\t\t\t<a title=\"foto2\" href='https:\/\/www.reko-praha.cz\/pl\/683-2\/produkty-i-uslugi\/foto2-2\/'><img loading=\"lazy\" decoding=\"async\" width=\"200\" height=\"200\" src=\"https:\/\/www.reko-praha.cz\/wp-content\/uploads\/2016\/11\/foto2-200x200.jpg\" class=\"attachment-thumbnail size-thumbnail\" alt=\"\" \/><\/a>\n\t\t\t<\/dt><\/dl><dl class='gallery-item'>\n\t\t\t<dt class='gallery-icon portrait'>\n\t\t\t\t<a title=\"foto3+fotky z let\u00e1ku\" href='https:\/\/www.reko-praha.cz\/pl\/683-2\/produkty-i-uslugi\/foto3fotky-z-letaku-2\/'><img loading=\"lazy\" decoding=\"async\" width=\"200\" height=\"200\" src=\"https:\/\/www.reko-praha.cz\/wp-content\/uploads\/2016\/11\/foto3fotky-z-let\u00e1ku-200x200.jpg\" class=\"attachment-thumbnail size-thumbnail\" alt=\"\" \/><\/a>\n\t\t\t<\/dt><\/dl><br style=\"clear: both\" \/>\n\t\t<\/div>\n\n<h2>Produkcja zbrojenia do betonu<\/h2>\n<p>Sp\u00f3\u0142ka REKO Praha, a.s. dysponuje w\u0142asnym zak\u0142adem produkcji zbrojenia do betonu w mie\u015bcie Ben\u00e1tky nad Jizerou. Jest to nowoczesny obiekt produkcyjny, w kt\u00f3rym istnieje mo\u017cliwo\u015b\u0107 produkowania zbrojenia dla Klient\u00f3w zewn\u0119trznych. Na bie\u017c\u0105cym stanie magazynowym przechowywane jest zbrojenie do betonu o profilach od 8 do 25 mm.<\/p>\n<p><strong>Kontakt:<\/strong><br \/>\nIn\u017c. Tom\u00e1\u0161 Kola\u0159\u00edk, Dyrektor ds. Produkcji<br \/>\ne-mail: <a href=\"mailto:t.kolarik@reko-praha.cz\">t.kolarik@reko-praha.cz<\/a><\/p>\n<p>Adres: Teren firmy Tyrolit<br \/>\nulica Tov\u00e1rn\u00ed<br \/>\nBen\u00e1tky nad Jizerou<br \/>\nMapa: Znajdziesz nas tu<br \/>\nWsp\u00f3\u0142rz\u0119dne GPS: Loc: 50\u00b017\u201933.186\u2033N, 14\u00b050\u20190.701\u2033E<\/p>\n<h2>Serwis ch\u0142odni kominowych<\/h2>\n<p>Eksploatacja ch\u0142odni kominowych wymaga, dla zapewnienia bezproblemowej pracy, przeprowadzania konserwacji i serwisu tych urz\u0105dze\u0144. Sp\u00f3\u0142ka REKO PRAHA jest w stanie wyra\u017anie obni\u017cy\u0107 koszty konserwacji ch\u0142odni kominowych dla ich u\u017cytkownik\u00f3w, w drodze zawarcia um\u00f3w serwisowych. W takich kontraktach okre\u015blany jest plan konserwacji urz\u0105dze\u0144, a przeszkoleni pracownicy s\u0105 w stanie wykona\u0107 w uzgodnionych terminach wszelkie prace zwi\u0105zane z remontami, rewizjami i konserwacj\u0105 urz\u0105dze\u0144, wraz z dostarczeniem potrzebnych cz\u0119\u015bci zamiennych.<\/p>\n<h2>Us\u0142ugi zakwaterowania<\/h2>\n<p>Nasza Sp\u00f3\u0142ka prowadzi tak\u017ce dom noclegowy w mie\u015bcie Kada\u0148. Wi\u0119cej informacji na temat zakwaterowania mo\u017cna znale\u017a\u0107 na oddzielnej stronie internetowej <a href=\"http:\/\/www.ubytovna-kadan.cz\/.\">http:\/\/www.ubytovna-kadan.cz\/.<\/a><\/p>\n","protected":false},"excerpt":{"rendered":"<p>Technologia ch\u0142odzenia Firma REKO Praha, a.s. produkuje, dostarcza i montuje kompleksowy asortyment technologii ch\u0142odzenia dla ch\u0142odni kominowych wszystkich typ\u00f3w. Zesp\u00f3\u0142 wykwalifikowanych pracownik\u00f3w potrafi si\u0119 zaj\u0105\u0107 nawet nietypowymi wymaganiami Klienta. Sp\u00f3\u0142ka dysponuje oprogramowaniem i do\u015bwiadczeniem do oblicze\u0144 cieplno-technicznych parametr\u00f3w ch\u0142odzenia, realizuj\u0105c &hellip;<\/p>\n","protected":false},"author":1,"featured_media":2158,"parent":683,"menu_order":4,"comment_status":"closed","ping_status":"closed","template":"","meta":{"footnotes":""},"_links":{"self":[{"href":"https:\/\/www.reko-praha.cz\/pl\/wp-json\/wp\/v2\/pages\/749"}],"collection":[{"href":"https:\/\/www.reko-praha.cz\/pl\/wp-json\/wp\/v2\/pages"}],"about":[{"href":"https:\/\/www.reko-praha.cz\/pl\/wp-json\/wp\/v2\/types\/page"}],"author":[{"embeddable":true,"href":"https:\/\/www.reko-praha.cz\/pl\/wp-json\/wp\/v2\/users\/1"}],"replies":[{"embeddable":true,"href":"https:\/\/www.reko-praha.cz\/pl\/wp-json\/wp\/v2\/comments?post=749"}],"version-history":[{"count":11,"href":"https:\/\/www.reko-praha.cz\/pl\/wp-json\/wp\/v2\/pages\/749\/revisions"}],"predecessor-version":[{"id":1693,"href":"https:\/\/www.reko-praha.cz\/pl\/wp-json\/wp\/v2\/pages\/749\/revisions\/1693"}],"up":[{"embeddable":true,"href":"https:\/\/www.reko-praha.cz\/pl\/wp-json\/wp\/v2\/pages\/683"}],"wp:featuredmedia":[{"embeddable":true,"href":"https:\/\/www.reko-praha.cz\/pl\/wp-json\/wp\/v2\/media\/2158"}],"wp:attachment":[{"href":"https:\/\/www.reko-praha.cz\/pl\/wp-json\/wp\/v2\/media?parent=749"}],"curies":[{"name":"wp","href":"https:\/\/api.w.org\/{rel}","templated":true}]}}