{"id":755,"date":"2017-07-18T15:57:53","date_gmt":"2017-07-18T13:57:53","guid":{"rendered":"https:\/\/www.reko-praha.cz\/?page_id=755&#038;lang=pl"},"modified":"2017-08-07T15:49:51","modified_gmt":"2017-08-07T13:49:51","slug":"profil-spolki","status":"publish","type":"page","link":"https:\/\/www.reko-praha.cz\/pl\/profil-spolki\/","title":{"rendered":"Profil Sp\u00f3\u0142ki"},"content":{"rendered":"<p>Sp\u00f3\u0142ka REKO PRAHA, a.s. jest czo\u0142ow\u0105 czesk\u0105 firm\u0105 specjalizuj\u0105c\u0105 si\u0119 w ch\u0142odniach kominowych wszystkich typ\u00f3w.<\/p>\n<p>Firma zosta\u0142a za\u0142o\u017cona w 1994 roku i bardzo szybko zdoby\u0142a mocn\u0105 pozycj\u0119 specjalisty w projektowaniu, budowaniu i modernizacjach wszystkich ch\u0142odni kominowych na rynkach czeskim i s\u0142owackim, a w ci\u0105gu ostatnich lat tak\u017ce na rynku polskim. Od samego pocz\u0105tku sp\u00f3\u0142ka znajduje si\u0119 tylko w czeskich r\u0119kach, a jej za\u0142o\u017cyciele do dzi\u015b aktywnie dzia\u0142aj\u0105 w jej zarz\u0105dzie. Ich wieloletnie do\u015bwiadczenie w projektowaniu i budowie konstrukcji betonowych, prefabrykowanych konstrukcji \u017celbetowych, a przede wszystkim ch\u0142odni kominowych, jest na co dzie\u0144 stosowane w praktyce, w naszych obecnych projektach.<\/p>\n<p>W miar\u0119 up\u0142ywu czasu, z g\u0142\u00f3wnego przedmiotu dzia\u0142alno\u015bci gospodarczej wyszczeg\u00f3lni\u0142y si\u0119 inne rodzaje dzia\u0142alno\u015bci firmy. Znajomo\u015b\u0107 konstrukcji \u017celbetowych znalaz\u0142a w ca\u0142o\u015bci zastosowanie w zam\u00f3wieniach na budow\u0119 monolitycznych konstrukcji \u017celbetowych, sanacje konstrukcji betonowych, budow\u0119 i remonty wie\u017c wodnych, oczyszczalni \u015bciek\u00f3w, a co niemniej wa\u017cne \u2013 r\u00f3wnie\u017c w ma\u0142ych elektrowniach wodnych i wysoko\u015bciowcach budowanych metod\u0105 deskowania \u015blizgowego.<\/p>\n<p>Sp\u00f3\u0142ka REKO PRAHA, a.s. jest \u015bredniej wielko\u015bci firm\u0105 budowlan\u0105 zatrudniaj\u0105c\u0105 na pe\u0142en etat oko\u0142o 120 pracownik\u00f3w. Wyr\u00f3\u017cnia si\u0119 du\u017c\u0105 liczb\u0105 w\u0142asnych pracownik\u00f3w w zawodach robotniczych przyczyniaj\u0105cych si\u0119 do realizacji dzie\u0142a. To gwarantuje wysok\u0105 jako\u015b\u0107 wykonanej pracy w uzgodnionych terminach.<\/p>\n<p><strong>Podstawowe informacje:<\/strong><\/p>\n<p><strong>REKO PRAHA, a.s.,<\/strong><br \/>\n\u010ceskobrodsk\u00e1 816 \/ 36<br \/>\n190 00 Praha 9 \u2013 Hloub\u011bt\u00edn<br \/>\nCzechy<br \/>\ntel.: +420 266 310\u00a0661<\/p>\n<p>Zapisana w: Rejestrze Handlowym prowadzonym przez S\u0105d Miejski w Pradze, dzia\u0142 B, nr wpisu 2919<\/p>\n<p>I\u010c (REGON): 61860271<br \/>\nDI\u010c (NIP): CZ61860271<\/p>\n","protected":false},"excerpt":{"rendered":"<p>Sp\u00f3\u0142ka REKO PRAHA, a.s. jest czo\u0142ow\u0105 czesk\u0105 firm\u0105 specjalizuj\u0105c\u0105 si\u0119 w ch\u0142odniach kominowych wszystkich typ\u00f3w. Firma zosta\u0142a za\u0142o\u017cona w 1994 roku i bardzo szybko zdoby\u0142a mocn\u0105 pozycj\u0119 specjalisty w projektowaniu, budowaniu i modernizacjach wszystkich ch\u0142odni kominowych na rynkach czeskim i &hellip;<\/p>\n","protected":false},"author":1,"featured_media":0,"parent":0,"menu_order":1,"comment_status":"closed","ping_status":"closed","template":"","meta":{"footnotes":""},"_links":{"self":[{"href":"https:\/\/www.reko-praha.cz\/pl\/wp-json\/wp\/v2\/pages\/755"}],"collection":[{"href":"https:\/\/www.reko-praha.cz\/pl\/wp-json\/wp\/v2\/pages"}],"about":[{"href":"https:\/\/www.reko-praha.cz\/pl\/wp-json\/wp\/v2\/types\/page"}],"author":[{"embeddable":true,"href":"https:\/\/www.reko-praha.cz\/pl\/wp-json\/wp\/v2\/users\/1"}],"replies":[{"embeddable":true,"href":"https:\/\/www.reko-praha.cz\/pl\/wp-json\/wp\/v2\/comments?post=755"}],"version-history":[{"count":4,"href":"https:\/\/www.reko-praha.cz\/pl\/wp-json\/wp\/v2\/pages\/755\/revisions"}],"predecessor-version":[{"id":1598,"href":"https:\/\/www.reko-praha.cz\/pl\/wp-json\/wp\/v2\/pages\/755\/revisions\/1598"}],"wp:attachment":[{"href":"https:\/\/www.reko-praha.cz\/pl\/wp-json\/wp\/v2\/media?parent=755"}],"curies":[{"name":"wp","href":"https:\/\/api.w.org\/{rel}","templated":true}]}}