{"id":980,"date":"2017-07-24T16:04:53","date_gmt":"2017-07-24T14:04:53","guid":{"rendered":"https:\/\/www.reko-praha.cz\/?page_id=980&#038;lang=pl"},"modified":"2024-07-24T22:20:30","modified_gmt":"2024-07-24T20:20:30","slug":"kontakty","status":"publish","type":"page","link":"https:\/\/www.reko-praha.cz\/pl\/kontakty\/","title":{"rendered":"Kontakt"},"content":{"rendered":"<div class=\"row\">\n<div class=\"col-sm-6\">\n<h3><b>REKO PRAHA,a.s.,<br \/>\nsiedziba sp\u00f3\u0142ki<\/b><\/h3>\n<p>\u010ceskobrodsk\u00e1 816\/36<br \/>\n190 00 Praha 9 \u2013 Hloub\u011bt\u00edn<br \/>\nRepublika Czechy<br \/>\ntel.: +420 266 310 661, faks: +420 266 315 445<br \/>\n<a href=\"https:\/\/www.reko-praha.cz\/\">www.reko-praha.cz<\/a><br \/>\nMapa: <a href=\"http:\/\/www.mapy.cz\/#mm=ZP@sa=s@st=s@ssq=%C4%8Ceskobrodsk%C3%A1%20816%2F36@sss=1@ssp=133284672_135960016_133334080_135996320@x=133311248@y=135971217@z=16\" target=\"_blank\" rel=\"noopener noreferrer\">Znajdziesz nas tu<\/a><br \/>\nWsp\u00f3\u0142rz\u0119dne GPS: 50\u00b05\u201935.843\u2033N, 14\u00b031\u201927.54\u2033E<\/p>\n<p><strong>Ing. Tom\u00e1\u0161 Kola\u0159\u00edk<\/strong><br \/>\nPrezes Zarz\u0105du<br \/>\nEmail: <a href=\"mailto:t.kolarik@reko-praha.cz\">t.kolarik@reko-praha.cz<\/a><\/p>\n<p><strong>Ing. Vladim\u00edr Kola\u0159\u00edk<\/strong><br \/>\nDyrektor Finansowy<br \/>\nEmail: <a href=\"mailto:kolarik@reko-praha.cz\">kolarik@reko-praha.cz<\/a><\/p>\n<p><strong>Ing. Jan Soukup<\/strong><br \/>\nDyrektor Handlowy<br \/>\nEmail: <a href=\"mailto:soukup@reko-praha.cz\">soukup@reko-praha.cz<\/a><\/p>\n<p><strong>Peter \u010cervenec<\/strong><br \/>\nDyrektor Produkcji<br \/>\nEmail: <a href=\"mailto:cervenec@reko-praha.cz\">cervenec@reko-praha.cz<\/a><\/p>\n<p><strong>Bc. Radek Masopust<\/strong><br \/>\nDyrektor Techniczny<br \/>\nEmail: <a href=\"mailto:masopust@reko-praha.cz\">masopust@reko-praha.cz<\/a><\/p>\n<p><strong>Ing. Filip Franc<\/strong><br \/>\nG\u0142\u00f3wny Projektant<br \/>\nEmail: <a href=\"mailto:franc@reko-praha.cz\">franc@reko-praha.cz<\/a><\/p>\n<p><strong>Ing. Vladislav Greb\u00edk<\/strong><br \/>\nManager ds. Zarz\u0105dzania Jako\u015bci\u0105<br \/>\nEmail: <a href=\"mailto:grebik@reko-praha.cz\">grebik@reko-praha.cz<\/a><\/p>\n<p><strong>Karel \u0160p\u00edrek<\/strong><br \/>\nKonsultant Dzia\u0142u Technicznego<br \/>\nEmail: <a href=\"mailto:spirek@reko-praha.cz\">spirek@reko-praha.cz<\/a><\/p>\n<p><strong>Ing. Monika Radov\u00e1<\/strong><br \/>\nDzia\u0142 Kadr<br \/>\ntel.: +420 732 362 582<br \/>\nE-mail: <a href=\"mailto:radova@reko-praha.cz\">radova@reko-praha.cz<\/a><\/p>\n<\/div>\n<div class=\"col-sm-6\">\n<h3><b>REKO PRAHA, a.s.,<br \/>\norganiza\u010dn\u00ed slo\u017eka zahrani\u010dn\u00ed osoby<\/b><\/h3>\n<p>Martina R\u00e1zusa 9<br \/>\n010 01 \u017dilina<br \/>\nRepublika S\u0142owacja<br \/>\ntel.\/faks: + 421 415 007 844<br \/>\nMapa: <a href=\"http:\/\/www.mapy.cz\/#mm=ZP@ax=134020288@ay=136677248@at=Armovna%20REKO@ad=V%C3%BDroba%20beton%C3%A1%C5%99sk%C3%A9%20v%C3%BDztu%C5%BEe%20firmy%20REKO%20Praha,%20a.s.@sa=s@st=s@ssq=Martina%20R%C3%A1zusa%209@sss=1@ssp=134004992_136662752_134035584_136692544@x=143081491@y=133085731@z=14\" target=\"_blank\" rel=\"noopener noreferrer\">Znajdziesz nas tu<\/a><br \/>\nWsp\u00f3\u0142rz\u0119dne GPS: 49\u00b013\u201922.64\u2033N, 18\u00b043\u201928.51\u2033E<\/p>\n<p><b>In\u017c. Jozef Drige\u013e<\/b><br \/>\nDyrektor Oddzia\u0142u<br \/>\nEmail: <a href=\"mailto:drigel@reko-praha.sk\">drigel@reko-praha.sk<\/a><\/p>\n<h3><strong>REKO PRAHA, a.s.<\/strong><br \/>\n<strong>Oddzia\u0142 w Polsce<\/strong><\/h3>\n<p>Nad Stawem 4<br \/>\n43-426 Gumna<br \/>\nPolska<br \/>\nMapa: <a href=\"https:\/\/maps.app.goo.gl\/MkZjAXWPXK9eCZgV8\" target=\"_blank\" rel=\"noopener noreferrer\" data-wplink-edit=\"true\">Znajdziesz nas tu<\/a><\/p>\n<p><strong>Ing. Tom\u00e1\u0161 Kr\u00ed\u017eek<br \/>\n<\/strong>Dyrektor Oddzia\u0142u<br \/>\ntel: + 48 338 555 109<br \/>\nEmail: <a href=\"mailto:krizek@reko-praha.cz\">krizek@reko-praha.cz<\/a><\/p>\n<h3><strong>Hostele REKO1 a REKO2 Kada\u0148<\/strong><\/h3>\n<p>Topolov\u00e1 1825<br \/>\n432 01 Kada\u0148<br \/>\nRepublika Czechy<br \/>\nMapa: <a href=\"http:\/\/www.mapy.cz\/#mm=ZP@ax=130492224@ay=137010432@at=Ubytovna%20REKO%20Kada%C5%88@ad=Topolov%C3%A1%201824%20a%201825@sa=s@st=s@ssq=topolova%20kadan@x=130493545@y=137010155@z=16\" target=\"_blank\" rel=\"noopener noreferrer\">Znajdziesz nas tu<\/a><br \/>\nWsp\u00f3\u0142rz\u0119dne GPS: Loc: 50\u00b022&#8217;24.342&#8243;N, 13\u00b016&#8217;57.14&#8243;E<\/p>\n<p><b>Zuzana Urb\u00e1nkov\u00e1<\/b><br \/>\nKierownik Oddzia\u0142\u00f3w<br \/>\nTel.: +420 724\u00a0975\u00a0460<br \/>\nE-mail: <a>urbankova@reko-praha.cz<\/a><\/p>\n<\/div>\n<\/div>\n","protected":false},"excerpt":{"rendered":"<p>REKO PRAHA,a.s., siedziba sp\u00f3\u0142ki \u010ceskobrodsk\u00e1 816\/36 190 00 Praha 9 \u2013 Hloub\u011bt\u00edn Republika Czechy tel.: +420 266 310 661, faks: +420 266 315 445 www.reko-praha.cz Mapa: Znajdziesz nas tu Wsp\u00f3\u0142rz\u0119dne GPS: 50\u00b05\u201935.843\u2033N, 14\u00b031\u201927.54\u2033E Ing. Tom\u00e1\u0161 Kola\u0159\u00edk Prezes Zarz\u0105du Email: t.kolarik@reko-praha.cz &hellip;<\/p>\n","protected":false},"author":1,"featured_media":0,"parent":0,"menu_order":3,"comment_status":"closed","ping_status":"closed","template":"","meta":{"footnotes":""},"_links":{"self":[{"href":"https:\/\/www.reko-praha.cz\/pl\/wp-json\/wp\/v2\/pages\/980"}],"collection":[{"href":"https:\/\/www.reko-praha.cz\/pl\/wp-json\/wp\/v2\/pages"}],"about":[{"href":"https:\/\/www.reko-praha.cz\/pl\/wp-json\/wp\/v2\/types\/page"}],"author":[{"embeddable":true,"href":"https:\/\/www.reko-praha.cz\/pl\/wp-json\/wp\/v2\/users\/1"}],"replies":[{"embeddable":true,"href":"https:\/\/www.reko-praha.cz\/pl\/wp-json\/wp\/v2\/comments?post=980"}],"version-history":[{"count":25,"href":"https:\/\/www.reko-praha.cz\/pl\/wp-json\/wp\/v2\/pages\/980\/revisions"}],"predecessor-version":[{"id":4315,"href":"https:\/\/www.reko-praha.cz\/pl\/wp-json\/wp\/v2\/pages\/980\/revisions\/4315"}],"wp:attachment":[{"href":"https:\/\/www.reko-praha.cz\/pl\/wp-json\/wp\/v2\/media?parent=980"}],"curies":[{"name":"wp","href":"https:\/\/api.w.org\/{rel}","templated":true}]}}